{"id":13600,"date":"2020-06-22T22:23:37","date_gmt":"2020-06-22T20:23:37","guid":{"rendered":"https:\/\/ony-france.com\/?post_type=product&#038;p=13600"},"modified":"2023-03-27T13:30:25","modified_gmt":"2023-03-27T11:30:25","slug":"hoodie-malo","status":"publish","type":"product","link":"https:\/\/ony-france.com\/en\/product\/hoodie-malo","title":{"rendered":"hoodie MALO"},"content":{"rendered":"<p>Hoodie MALO<\/p>\n<p>Sweat \u00e0 capuche bi-mati\u00e8re en nid d&rsquo;abeille et denim. Maxi poche au dos.<\/p>\n<p>\u00c0 associer avec le short BERT pour un look audacieux.<\/p>\n<p>Les couleurs sont mix\u00e9es fa\u00e7on \u00ab colorblock \u00bb pour un look minimaliste.<\/p>\n<p>Le mannequin porte une taille 1. Ce produit est en taille unique.<\/p>\n<p><em>composition : 100% coton<\/em><\/p>\n<p><em>_____<\/em><\/p>\n<p>Chaque pi\u00e8ce a \u00e9t\u00e9 con\u00e7ue en France et produite en s\u00e9rie limit\u00e9e dans notre atelier. Produit r\u00e9alis\u00e9 \u00e0 la demande, l&rsquo;article sera exp\u00e9di\u00e9 entre 6 \u00e0 10 jours apr\u00e8s la commande. Attention, ce produit ne sera ni \u00e9changeable ni remboursable.<\/p>\n<p><em>_____<\/em><\/p>\n<p>Bi-material hoodie sweater made in honeycomb and denim in a minimalist style.<\/p>\n<p>Has one maxi pocket at back.<\/p>\n<p>Better combined with the shorts BERT for an offset look.<\/p>\n<p>The model&rsquo;s wearing a size 1. Available in one size.<\/p>\n<p><em>composition : 100% cotton<\/em><\/p>\n<p>_____<\/p>\n<p>Each piece has been designed in France and produced in limited edition in our workshop. Made upon order, we won&rsquo;t accept any exchange or refund. Allow 6 to 10 days for the shipment of the item after processing the order.<\/p>","protected":false},"excerpt":{"rendered":"<p>Hoodie MALO Sweat \u00e0 capuche bi-mati\u00e8re en nid d&rsquo;abeille et denim. Maxi poche au dos. \u00c0 associer avec le short BERT pour un look audacieux. Les couleurs sont mix\u00e9es fa\u00e7on \u00ab colorblock \u00bb pour un look minimaliste. Le mannequin porte une taille 1. Ce produit est en taille unique. composition : 100% coton _____ Chaque pi\u00e8ce a \u00e9t\u00e9 con\u00e7ue en France et produite en s\u00e9rie limit\u00e9e dans notre atelier. Produit r\u00e9alis\u00e9 \u00e0 la demande, l&rsquo;article sera exp\u00e9di\u00e9 entre 6 \u00e0 10 jours apr\u00e8s la commande. Attention, ce produit ne sera ni \u00e9changeable ni remboursable. _____ Bi-material hoodie sweater made in honeycomb and denim in a minimalist style. Has one maxi pocket at back. Better combined with the shorts BERT for an offset look. The model&rsquo;s wearing a size 1. Available in one size. composition : 100% cotton _____ Each piece has been designed in France and produced in limited edition&hellip;<\/p>\n<p> <a class=\"more-link\" href=\"https:\/\/ony-france.com\/en\/product\/hoodie-malo\">Read more<\/a><\/p>","protected":false},"featured_media":13595,"template":"","meta":[],"product_cat":[46,70],"product_tag":[],"_links":{"self":[{"href":"https:\/\/ony-france.com\/en\/wp-json\/wp\/v2\/product\/13600"}],"collection":[{"href":"https:\/\/ony-france.com\/en\/wp-json\/wp\/v2\/product"}],"about":[{"href":"https:\/\/ony-france.com\/en\/wp-json\/wp\/v2\/types\/product"}],"wp:featuredmedia":[{"embeddable":true,"href":"https:\/\/ony-france.com\/en\/wp-json\/wp\/v2\/media\/13595"}],"wp:attachment":[{"href":"https:\/\/ony-france.com\/en\/wp-json\/wp\/v2\/media?parent=13600"}],"wp:term":[{"taxonomy":"product_cat","embeddable":true,"href":"https:\/\/ony-france.com\/en\/wp-json\/wp\/v2\/product_cat?post=13600"},{"taxonomy":"product_tag","embeddable":true,"href":"https:\/\/ony-france.com\/en\/wp-json\/wp\/v2\/product_tag?post=13600"}],"curies":[{"name":"wp","href":"https:\/\/api.w.org\/{rel}","templated":true}]}}