{"id":13433,"date":"2019-05-23T14:02:50","date_gmt":"2019-05-23T12:02:50","guid":{"rendered":"https:\/\/ony-france.com\/?post_type=product&#038;p=13433"},"modified":"2019-05-23T21:29:01","modified_gmt":"2019-05-23T19:29:01","slug":"tee-tony-monogramme","status":"publish","type":"product","link":"https:\/\/ony-france.com\/en\/product\/tee-tony-monogramme","title":{"rendered":"tee TONY monogramm\u00e9"},"content":{"rendered":"<p>Top style t-shirt, imprim\u00e9 du monogramm\u00e9 \u00d6NY en all over .<\/p>\n<p>Il fait son entr\u00e9e cette saison en exclusivit\u00e9 dans la collection ULTRAVIOLET.<\/p>\n<p>D\u00e9clin\u00e9 en violet sur noir, il a \u00e9t\u00e9 con\u00e7u dans un jersey de tr\u00e8s haute qualit\u00e9 pour garantir confort et durabilit\u00e9.<\/p>\n<p>Les \u00e9paules sont l\u00e9g\u00e8rement tombantes pour un look oversized.<\/p>\n<p>Le haut cam\u00e9l\u00e9on \u00e0 mixer avec le jog pants BONNY pour un look street, il s&rsquo;accordera parfaitement \u00e0 n&rsquo;importe quelle pi\u00e8ce de votre vestiaire.<\/p>\n<p>Le mannequin porte une taille L. Existe en S, M, L, XL.<\/p>\n<p><em>composition : 100% coton<\/em><\/p>\n<p>_____<\/p>\n<p>Chaque pi\u00e8ce a \u00e9t\u00e9 pens\u00e9e en France et confectionn\u00e9e en s\u00e9rie limit\u00e9e dans notre atelier au Portugal.<\/p>\n<p>Veuillez compter un d\u00e9lai de fabrication de 2 \u00e0 3 jours ouvr\u00e9s avant l&rsquo;exp\u00e9dition de votre commande. <em><br \/>\n<\/em><\/p>\n<p>_____<\/p>\n<p>Unisex tee in an all over \u00ab\u00a0monogramm\u00e9\u00a0\u00bbscreen printed jersey.<\/p>\n<p>Comes this season in purple logo on a deep black cotton.<\/p>\n<p>Its has been designed in a high quality cotton to guarantee you comfort and durability.<\/p>\n<p>\u201cLoose\u201d shoulders give an oversized look.<\/p>\n<p>The chameleon top to mix with the track pants BONNY for an urban style, will match perfectly every piece of your closet.<\/p>\n<p>The model&rsquo;s wearing a size L. Available in S, M, L, XL<\/p>\n<p><em>composition : 100% cotton<\/em><\/p>\n<p>_____<\/p>\n<p>Each piece has been designed in France and produced in limited edition in our workshop in Portugal.<\/p>\n<p>Please allow 2-3 business days before the shipment of your order.<\/p>","protected":false},"excerpt":{"rendered":"<p>Top style t-shirt, imprim\u00e9 du monogramm\u00e9 \u00d6NY en all over . Il fait son entr\u00e9e cette saison en exclusivit\u00e9 dans la collection ULTRAVIOLET. D\u00e9clin\u00e9 en violet sur noir, il a \u00e9t\u00e9 con\u00e7u dans un jersey de tr\u00e8s haute qualit\u00e9 pour garantir confort et durabilit\u00e9. Les \u00e9paules sont l\u00e9g\u00e8rement tombantes pour un look oversized. Le haut cam\u00e9l\u00e9on \u00e0 mixer avec le jog pants BONNY pour un look street, il s&rsquo;accordera parfaitement \u00e0 n&rsquo;importe quelle pi\u00e8ce de votre vestiaire. Le mannequin porte une taille L. Existe en S, M, L, XL. composition : 100% coton _____ Chaque pi\u00e8ce a \u00e9t\u00e9 pens\u00e9e en France et confectionn\u00e9e en s\u00e9rie limit\u00e9e dans notre atelier au Portugal. Veuillez compter un d\u00e9lai de fabrication de 2 \u00e0 3 jours ouvr\u00e9s avant l&rsquo;exp\u00e9dition de votre commande. _____ Unisex tee in an all over \u00ab\u00a0monogramm\u00e9\u00a0\u00bbscreen printed jersey. Comes this season in purple logo on a deep black cotton. Its&hellip;<\/p>\n<p> <a class=\"more-link\" href=\"https:\/\/ony-france.com\/en\/product\/tee-tony-monogramme\">Read more<\/a><\/p>","protected":false},"featured_media":13316,"template":"","meta":[],"product_cat":[46,69],"product_tag":[64],"_links":{"self":[{"href":"https:\/\/ony-france.com\/en\/wp-json\/wp\/v2\/product\/13433"}],"collection":[{"href":"https:\/\/ony-france.com\/en\/wp-json\/wp\/v2\/product"}],"about":[{"href":"https:\/\/ony-france.com\/en\/wp-json\/wp\/v2\/types\/product"}],"wp:featuredmedia":[{"embeddable":true,"href":"https:\/\/ony-france.com\/en\/wp-json\/wp\/v2\/media\/13316"}],"wp:attachment":[{"href":"https:\/\/ony-france.com\/en\/wp-json\/wp\/v2\/media?parent=13433"}],"wp:term":[{"taxonomy":"product_cat","embeddable":true,"href":"https:\/\/ony-france.com\/en\/wp-json\/wp\/v2\/product_cat?post=13433"},{"taxonomy":"product_tag","embeddable":true,"href":"https:\/\/ony-france.com\/en\/wp-json\/wp\/v2\/product_tag?post=13433"}],"curies":[{"name":"wp","href":"https:\/\/api.w.org\/{rel}","templated":true}]}}