{"id":12944,"date":"2019-04-27T16:36:18","date_gmt":"2019-04-27T14:36:18","guid":{"rendered":"https:\/\/ony-france.com\/?post_type=product&#038;p=12944"},"modified":"2019-10-16T11:09:20","modified_gmt":"2019-10-16T09:09:20","slug":"jogging-bonny-bleu-unisex","status":"publish","type":"product","link":"https:\/\/ony-france.com\/en\/product\/jogging-bonny-bleu-unisex","title":{"rendered":"jogging BONNY bleu unisex"},"content":{"rendered":"<p>Pantalon de jogging en maille velours. Ce classique du vestiaire 90&rsquo;s streetwear signe son grand retour cette saison. Par\u00e9 de boutons pressions et du ruban \u00d6NY sur chaque c\u00f4t\u00e9, il est muni de deux poches lat\u00e9rales.<\/p>\n<p>BONNY : quand confort et chic ne font plus qu&rsquo;un.<\/p>\n<p>Le mannequin porte une taille XS. Existe en XS, S, M, L.<\/p>\n<p><em>composition : 100% coton<\/em><\/p>\n<p><em>_____<\/em><\/p>\n<p>Chaque pi\u00e8ce a \u00e9t\u00e9 con\u00e7ue en France et produite en s\u00e9rie limit\u00e9e dans notre atelier au Portugal. Veuillez compter un d\u00e9lai de fabrication de 2 \u00e0 3 jours ouvr\u00e9s avant l&rsquo;exp\u00e9dition de votre commande.<\/p>\n<p>_____<\/p>\n<p>Unisex track pants made in velvet knit. This classic of the 90&rsquo;s wardrobe makes a major comeback.<\/p>\n<p>Comes this season in 2 colors: blue or orange.<\/p>\n<p>Featured snap buttoned openings and \u00d6NY tape along each side, has two side pockets.<\/p>\n<p>BONNY : when comfort and style are just one.<\/p>\n<p>The model&rsquo;s wearing a size XS. Available in XS, S, M, L<\/p>\n<p><em>composition : 100% cotton<\/em><\/p>\n<p>_____<\/p>\n<p>Each piece has been designed in France and produced in limited edition in our workshop in Portugal. Please allow 2-3 business days before the shipment of your order.<\/p>","protected":false},"excerpt":{"rendered":"<p>Pantalon de jogging en maille velours. Ce classique du vestiaire 90&rsquo;s streetwear signe son grand retour cette saison. Par\u00e9 de boutons pressions et du ruban \u00d6NY sur chaque c\u00f4t\u00e9, il est muni de deux poches lat\u00e9rales. BONNY : quand confort et chic ne font plus qu&rsquo;un. Le mannequin porte une taille XS. Existe en XS, S, M, L. composition : 100% coton _____ Chaque pi\u00e8ce a \u00e9t\u00e9 con\u00e7ue en France et produite en s\u00e9rie limit\u00e9e dans notre atelier au Portugal. Veuillez compter un d\u00e9lai de fabrication de 2 \u00e0 3 jours ouvr\u00e9s avant l&rsquo;exp\u00e9dition de votre commande. _____ Unisex track pants made in velvet knit. This classic of the 90&rsquo;s wardrobe makes a major comeback. Comes this season in 2 colors: blue or orange. Featured snap buttoned openings and \u00d6NY tape along each side, has two side pockets. BONNY : when comfort and style are just one. The model&rsquo;s wearing&hellip;<\/p>\n<p> <a class=\"more-link\" href=\"https:\/\/ony-france.com\/en\/product\/jogging-bonny-bleu-unisex\">Read more<\/a><\/p>","protected":false},"featured_media":12945,"template":"","meta":[],"product_cat":[46,55],"product_tag":[68,66],"_links":{"self":[{"href":"https:\/\/ony-france.com\/en\/wp-json\/wp\/v2\/product\/12944"}],"collection":[{"href":"https:\/\/ony-france.com\/en\/wp-json\/wp\/v2\/product"}],"about":[{"href":"https:\/\/ony-france.com\/en\/wp-json\/wp\/v2\/types\/product"}],"wp:featuredmedia":[{"embeddable":true,"href":"https:\/\/ony-france.com\/en\/wp-json\/wp\/v2\/media\/12945"}],"wp:attachment":[{"href":"https:\/\/ony-france.com\/en\/wp-json\/wp\/v2\/media?parent=12944"}],"wp:term":[{"taxonomy":"product_cat","embeddable":true,"href":"https:\/\/ony-france.com\/en\/wp-json\/wp\/v2\/product_cat?post=12944"},{"taxonomy":"product_tag","embeddable":true,"href":"https:\/\/ony-france.com\/en\/wp-json\/wp\/v2\/product_tag?post=12944"}],"curies":[{"name":"wp","href":"https:\/\/api.w.org\/{rel}","templated":true}]}}