{"id":12919,"date":"2019-04-27T15:32:58","date_gmt":"2019-04-27T13:32:58","guid":{"rendered":"https:\/\/ony-france.com\/?post_type=product&#038;p=12919"},"modified":"2019-10-16T11:16:19","modified_gmt":"2019-10-16T09:16:19","slug":"sweat-mike-bleu-unisex","status":"publish","type":"product","link":"https:\/\/ony-france.com\/en\/product\/sweat-mike-bleu-unisex","title":{"rendered":"sweat MIKE bleu unisex"},"content":{"rendered":"<p>Sweat \u00e0 col zipp\u00e9 en molleton et maille velours. Le col et les poignets en bord c\u00f4te sont revus dans des proportions hyper oversized, les \u00e9paules \u00ab\u00a0loose\u00a0\u00bb confirment cette tendance.<\/p>\n<p>Les couleurs sont mix\u00e9es fa\u00e7on \u00ab colorblock \u00bb pour un look vintage streetwear. Les plus pointus l&rsquo;associeront au jog BONNY, les autres le pr\u00e9f\u00e9reront avec un jean ou un cargo pants.<\/p>\n<p>Le mannequin porte une taille L. Existe en S, M, L.<\/p>\n<p><em>composition : 100% coton<\/em><\/p>\n<p><em>_____<\/em><\/p>\n<p>Chaque pi\u00e8ce a \u00e9t\u00e9 con\u00e7ue en France et produite en s\u00e9rie limit\u00e9e dans notre atelier au Portugal. Veuillez compter un d\u00e9lai de fabrication de 2 \u00e0 3 jours ouvr\u00e9s avant l&rsquo;exp\u00e9dition de votre commande.<\/p>\n<p>_____<\/p>\n<p>Collar and wrists have been designed in oversized proportions, \u201cloose\u201d shoulders corroborate this trend.<\/p>\n<p>Colors are mixed in a \u201ccolorblock\u201d way to figure a vintage streetwear look.<\/p>\n<p>The trendiest ones will mix it with the track pants BONNY, others will prefer to wear it with jeans or cargo pants.<\/p>\n<p>The model&rsquo;s wearing a size L. Available in S, M, L<\/p>\n<p><em>composition : 100% cotton<\/em><\/p>\n<p>_____<\/p>\n<p>Each piece has been designed in France and produced in limited edition in our workshop in Portugal. Please allow 2-3 business days before the shipment of your order.<\/p>","protected":false},"excerpt":{"rendered":"<p>Sweat \u00e0 col zipp\u00e9 en molleton et maille velours. Le col et les poignets en bord c\u00f4te sont revus dans des proportions hyper oversized, les \u00e9paules \u00ab\u00a0loose\u00a0\u00bb confirment cette tendance. Les couleurs sont mix\u00e9es fa\u00e7on \u00ab colorblock \u00bb pour un look vintage streetwear. Les plus pointus l&rsquo;associeront au jog BONNY, les autres le pr\u00e9f\u00e9reront avec un jean ou un cargo pants. Le mannequin porte une taille L. Existe en S, M, L. composition : 100% coton _____ Chaque pi\u00e8ce a \u00e9t\u00e9 con\u00e7ue en France et produite en s\u00e9rie limit\u00e9e dans notre atelier au Portugal. Veuillez compter un d\u00e9lai de fabrication de 2 \u00e0 3 jours ouvr\u00e9s avant l&rsquo;exp\u00e9dition de votre commande. _____ Collar and wrists have been designed in oversized proportions, \u201cloose\u201d shoulders corroborate this trend. Colors are mixed in a \u201ccolorblock\u201d way to figure a vintage streetwear look. The trendiest ones will mix it with the track pants BONNY,&hellip;<\/p>\n<p> <a class=\"more-link\" href=\"https:\/\/ony-france.com\/en\/product\/sweat-mike-bleu-unisex\">Read more<\/a><\/p>","protected":false},"featured_media":12920,"template":"","meta":[],"product_cat":[46,55],"product_tag":[67,66],"_links":{"self":[{"href":"https:\/\/ony-france.com\/en\/wp-json\/wp\/v2\/product\/12919"}],"collection":[{"href":"https:\/\/ony-france.com\/en\/wp-json\/wp\/v2\/product"}],"about":[{"href":"https:\/\/ony-france.com\/en\/wp-json\/wp\/v2\/types\/product"}],"wp:featuredmedia":[{"embeddable":true,"href":"https:\/\/ony-france.com\/en\/wp-json\/wp\/v2\/media\/12920"}],"wp:attachment":[{"href":"https:\/\/ony-france.com\/en\/wp-json\/wp\/v2\/media?parent=12919"}],"wp:term":[{"taxonomy":"product_cat","embeddable":true,"href":"https:\/\/ony-france.com\/en\/wp-json\/wp\/v2\/product_cat?post=12919"},{"taxonomy":"product_tag","embeddable":true,"href":"https:\/\/ony-france.com\/en\/wp-json\/wp\/v2\/product_tag?post=12919"}],"curies":[{"name":"wp","href":"https:\/\/api.w.org\/{rel}","templated":true}]}}