{"id":12914,"date":"2019-04-27T15:16:51","date_gmt":"2019-04-27T13:16:51","guid":{"rendered":"https:\/\/ony-france.com\/?post_type=product&#038;p=12914"},"modified":"2020-11-16T20:23:24","modified_gmt":"2020-11-16T19:23:24","slug":"tee-tony-audacieux-bleu-unisex","status":"publish","type":"product","link":"https:\/\/ony-france.com\/en\/product\/tee-tony-audacieux-bleu-unisex","title":{"rendered":"tee TONY \u00ab\u00a0audac\u00efeux\u00a0\u00bb bleu unisex"},"content":{"rendered":"<p>Top style t-shirt, s\u00e9rigraphi\u00e9 \u00ab\u00a0audac\u00efeux\u00a0\u00bb.<\/p>\n<p>Par\u00e9 d&rsquo;une maxi s\u00e9rigraphie volontairement d\u00e9cal\u00e9e, d\u00e9clin\u00e9 cette saison en 2 versions : blanc &amp; orange ou blanc &amp; bleu.<\/p>\n<p>Les \u00e9paules sont l\u00e9g\u00e8rement tombantes pour un look oversized.<\/p>\n<p>Le haut cam\u00e9l\u00e9on \u00e0 mixer avec le jog pants BONNY pour un look street, il s&rsquo;accordera parfaitement \u00e0 n&rsquo;importe quelle pi\u00e8ce de votre vestiaire.<\/p>\n<p>Le mannequin porte une taille L. Existe en S, M, L, XL.<\/p>\n<p><em>composition : 100% coton<\/em><\/p>\n<p>_____<\/p>\n<p>Chaque pi\u00e8ce a \u00e9t\u00e9 con\u00e7ue en France et confectionn\u00e9e en s\u00e9rie limit\u00e9e dans notre atelier au Portugal.<\/p>\n<p>Veuillez compter un d\u00e9lai de fabrication de 2 \u00e0 3 jours ouvr\u00e9s avant l&rsquo;exp\u00e9dition de votre commande. <em><br \/>\n<\/em><\/p>\n<p>_____<\/p>\n<p>Unisex screen printed \u201caudac\u00efeux\u201d tee.<\/p>\n<p>Features a maxi screen print willingly offset, comes this season in 2 colors: white &amp; orange or white &amp; blue.<\/p>\n<p>\u201cLoose\u201d shoulders give an oversized look.<\/p>\n<p>The chameleon top to mix with the track pants BONNY for an urban style, will match perfectly every piece of your closet.<\/p>\n<p>The model&rsquo;s wearing a size L. Available in S, M, L, XL<\/p>\n<p><em>composition : 100% cotton<\/em><\/p>\n<p>_____<\/p>\n<p>Each piece has been designed in France and produced in limited edition in our workshop in Portugal.<\/p>\n<p>Please allow 2-3 business days before the shipment of your order.<\/p>","protected":false},"excerpt":{"rendered":"<p>Top style t-shirt, s\u00e9rigraphi\u00e9 \u00ab\u00a0audac\u00efeux\u00a0\u00bb. Par\u00e9 d&rsquo;une maxi s\u00e9rigraphie volontairement d\u00e9cal\u00e9e, d\u00e9clin\u00e9 cette saison en 2 versions : blanc &amp; orange ou blanc &amp; bleu. Les \u00e9paules sont l\u00e9g\u00e8rement tombantes pour un look oversized. Le haut cam\u00e9l\u00e9on \u00e0 mixer avec le jog pants BONNY pour un look street, il s&rsquo;accordera parfaitement \u00e0 n&rsquo;importe quelle pi\u00e8ce de votre vestiaire. Le mannequin porte une taille L. Existe en S, M, L, XL. composition : 100% coton _____ Chaque pi\u00e8ce a \u00e9t\u00e9 con\u00e7ue en France et confectionn\u00e9e en s\u00e9rie limit\u00e9e dans notre atelier au Portugal. Veuillez compter un d\u00e9lai de fabrication de 2 \u00e0 3 jours ouvr\u00e9s avant l&rsquo;exp\u00e9dition de votre commande. _____ Unisex screen printed \u201caudac\u00efeux\u201d tee. Features a maxi screen print willingly offset, comes this season in 2 colors: white &amp; orange or white &amp; blue. \u201cLoose\u201d shoulders give an oversized look. The chameleon top to mix with the track pants&hellip;<\/p>\n<p> <a class=\"more-link\" href=\"https:\/\/ony-france.com\/en\/product\/tee-tony-audacieux-bleu-unisex\">Read more<\/a><\/p>","protected":false},"featured_media":12915,"template":"","meta":[],"product_cat":[46,55],"product_tag":[64,66],"_links":{"self":[{"href":"https:\/\/ony-france.com\/en\/wp-json\/wp\/v2\/product\/12914"}],"collection":[{"href":"https:\/\/ony-france.com\/en\/wp-json\/wp\/v2\/product"}],"about":[{"href":"https:\/\/ony-france.com\/en\/wp-json\/wp\/v2\/types\/product"}],"wp:featuredmedia":[{"embeddable":true,"href":"https:\/\/ony-france.com\/en\/wp-json\/wp\/v2\/media\/12915"}],"wp:attachment":[{"href":"https:\/\/ony-france.com\/en\/wp-json\/wp\/v2\/media?parent=12914"}],"wp:term":[{"taxonomy":"product_cat","embeddable":true,"href":"https:\/\/ony-france.com\/en\/wp-json\/wp\/v2\/product_cat?post=12914"},{"taxonomy":"product_tag","embeddable":true,"href":"https:\/\/ony-france.com\/en\/wp-json\/wp\/v2\/product_tag?post=12914"}],"curies":[{"name":"wp","href":"https:\/\/api.w.org\/{rel}","templated":true}]}}