{"id":12878,"date":"2019-04-23T15:12:55","date_gmt":"2019-04-23T13:12:55","guid":{"rendered":"https:\/\/ony-france.com\/?post_type=product&#038;p=12878"},"modified":"2021-01-11T10:13:58","modified_gmt":"2021-01-11T09:13:58","slug":"teddy-jacket-ted-unisex-2","status":"publish","type":"product","link":"https:\/\/ony-france.com\/en\/product\/teddy-jacket-ted-unisex-2","title":{"rendered":"teddy jacket TED unisex"},"content":{"rendered":"<p>Incontournable de la marque, le teddy se d\u00e9cline cette saison en maille velours orange et bleue. Ses proportions hyper oversized confirment la tendance sportswear 90&rsquo;s. On retrouve l&rsquo;asym\u00e9trie et les d\u00e9tails techniques tels que les manches \u00e0 pressions, chers \u00e0 \u00d6NY.<\/p>\n<p>Ferm\u00e9 par un zip sur le milieu devant, le col officier ainsi que les poignets et la ceinture sont \u00e9lastiqu\u00e9s pour figurer des finitions \u00ab bords c\u00f4tes \u00bb typiques du vestiaire sport. Il est muni de deux poches raglans \u00e0 pressions sur le devant et d&rsquo;une poche int\u00e9rieure.<\/p>\n<p>Le ruban \u00d6NY le long de la manche et le maxi logo brod\u00e9 au dos appuient cette identit\u00e9 streetwear.<\/p>\n<p>Enti\u00e8rement doubl\u00e9 en jersey coton pour plus de confort, ce sera l&rsquo;indispensable alli\u00e9 des audacieux !<\/p>\n<p>Le mannequin porte une taille L. Disponible en S, M, L<\/p>\n<p><em>composition : 100% coton<\/em><\/p>\n<p><em>_____<\/em><\/p>\n<p>Chaque pi\u00e8ce a \u00e9t\u00e9 con\u00e7ue en France et produite en s\u00e9rie limit\u00e9e dans notre atelier au Portugal. Veuillez compter un d\u00e9lai de fabrication de 2 \u00e0 3 jours ouvr\u00e9s avant l&rsquo;exp\u00e9dition de votre commande.<\/p>\n<p>_____<\/p>\n<p>\u00d6NY\u2019s core product, the unisex teddy jacket comes this season in orange &amp; blue velvet knit.<\/p>\n<p>Its oversized proportions confirm the 90\u2019s sportswear trend.<\/p>\n<p>Presents asymmetry and technical details such as snap buttoned sleeve.<\/p>\n<p>Closed up by a zip at middle front.<\/p>\n<p>Finish of officer collar, wrists and waist by an edge coast.<\/p>\n<p>Features two raglan snap buttoned pockets at front and a secret pocket inside.<\/p>\n<p>\u00d6NY tape along the sleeve and maxi embroidered logo support this streetwear identity.<\/p>\n<p>Fully lined with jersey cotton for greater comfort. TED will become an essential ally to the bold ones.<\/p>\n<p>The model&rsquo;s wearing a size L. Available in S, M, L<\/p>\n<p><em>composition : 100% cotton<\/em><\/p>\n<p>_____<\/p>\n<p>Each piece has been designed in France and produced in limited edition in our workshop in Portugal. Please allow 2-3 business days before the shipment of your order<\/p>","protected":false},"excerpt":{"rendered":"<p>Le teddy, ADN de la marque, cette saison revisit\u00e9 en maille velours.<\/p>\n<p> <a class=\"more-link\" href=\"https:\/\/ony-france.com\/en\/product\/teddy-jacket-ted-unisex-2\">Read more<\/a><\/p>","protected":false},"featured_media":12879,"template":"","meta":[],"product_cat":[46,55],"product_tag":[66,65],"_links":{"self":[{"href":"https:\/\/ony-france.com\/en\/wp-json\/wp\/v2\/product\/12878"}],"collection":[{"href":"https:\/\/ony-france.com\/en\/wp-json\/wp\/v2\/product"}],"about":[{"href":"https:\/\/ony-france.com\/en\/wp-json\/wp\/v2\/types\/product"}],"wp:featuredmedia":[{"embeddable":true,"href":"https:\/\/ony-france.com\/en\/wp-json\/wp\/v2\/media\/12879"}],"wp:attachment":[{"href":"https:\/\/ony-france.com\/en\/wp-json\/wp\/v2\/media?parent=12878"}],"wp:term":[{"taxonomy":"product_cat","embeddable":true,"href":"https:\/\/ony-france.com\/en\/wp-json\/wp\/v2\/product_cat?post=12878"},{"taxonomy":"product_tag","embeddable":true,"href":"https:\/\/ony-france.com\/en\/wp-json\/wp\/v2\/product_tag?post=12878"}],"curies":[{"name":"wp","href":"https:\/\/api.w.org\/{rel}","templated":true}]}}