{"id":39,"date":"2019-04-02T13:03:34","date_gmt":"2019-04-02T11:03:34","guid":{"rendered":"https:\/\/ony-france.com\/?page_id=39"},"modified":"2021-08-02T12:03:21","modified_gmt":"2021-08-02T10:03:21","slug":"origin","status":"publish","type":"page","link":"https:\/\/ony-france.com\/en\/origin","title":{"rendered":"\u00d6RIGIN"},"content":{"rendered":"<div data-elementor-type=\"wp-post\" data-elementor-id=\"39\" class=\"elementor elementor-39\">\n\t\t\t\t\t\t<section class=\"elementor-section elementor-top-section elementor-element elementor-element-7be7af5 elementor-section-stretched elementor-section-boxed elementor-section-height-default elementor-section-height-default\" data-id=\"7be7af5\" data-element_type=\"section\" data-settings=\"{&quot;stretch_section&quot;:&quot;section-stretched&quot;}\">\n\t\t\t\t\t\t<div class=\"elementor-container elementor-column-gap-default\">\n\t\t\t\t\t<div class=\"elementor-column elementor-col-100 elementor-top-column elementor-element elementor-element-6677d65\" data-id=\"6677d65\" data-element_type=\"column\">\n\t\t\t<div class=\"elementor-widget-wrap elementor-element-populated\">\n\t\t\t\t\t\t<div class=\"elementor-element elementor-element-3261de5 elementor-hidden-tablet elementor-hidden-phone elementor-widget elementor-widget-html\" data-id=\"3261de5\" data-element_type=\"widget\" data-widget_type=\"html.default\">\n\t\t\t\t<div class=\"elementor-widget-container\">\n\t\t\t\t\t<div class=\"marquee\">\r\n  <div>\r\n    <span>  \r\n        \u00d6RIGIN\r\n        \u00d6RIGIN\r\n        \u00d6RIGIN \r\n        \u00d6RIGIN \r\n        \u00d6RIGIN \r\n        \u00d6RIGIN \r\n        \u00d6RIGIN \r\n        \u00d6RIGIN \r\n    <\/span>\r\n    <span>  \r\n\r\n        \u00d6RIGIN \r\n        \u00d6RIGIN \r\n        \u00d6RIGIN \r\n        \u00d6RIGIN \r\n        \u00d6RIGIN \r\n        \u00d6RIGIN \r\n        \u00d6RIGIN \r\n        \u00d6RIGIN\r\n    <\/span>\r\n  <\/div>\r\n<\/div>\r\n\r\n<style type=\"text\/css\">\r\n.marquee {\r\n  color: black;\r\n  font-size: 2rem;\r\n  height: 3rem;\r\n  width: 100%;\r\n  position: absolute;\r\n  transform: rotate(-90deg);\r\n  left: -53.5%;\r\n}\r\n\r\n.marquee div {\r\n  display: block;\r\n  width: 200%;\r\n  height: 50px;\r\n  position: absolute;\r\n  overflow: hidden;  \r\n  animation: marquee 20s linear infinite;\r\n}\r\n\r\n.marquee span {\r\n  width: 50%;\r\n}\r\n\r\n@keyframes marquee {\r\n  0% { left: 0; }\r\n  100% { left: -100%; }\r\n}\r\n.swiper-container-3d{\r\nmargin-top: 30px;\r\n}\r\n.formatter{\r\npadding: 0 60px 60px 60px;\r\n}\r\n.elementor-column-gap-default>.elementor-row>.elementor-column>.elementor-element-populated {\r\n    padding: 0px; \r\n}\r\n<\/style>\r\n\r\n\r\n\t\t\t\t<\/div>\n\t\t\t\t<\/div>\n\t\t\t\t\t<\/div>\n\t\t<\/div>\n\t\t\t\t\t<\/div>\n\t\t<\/section>\n\t\t\t\t<section class=\"elementor-section elementor-top-section elementor-element elementor-element-6f158d17 elementor-section-stretched toppage elementor-section-boxed elementor-section-height-default elementor-section-height-default\" data-id=\"6f158d17\" data-element_type=\"section\" data-settings=\"{&quot;background_background&quot;:&quot;classic&quot;,&quot;stretch_section&quot;:&quot;section-stretched&quot;}\">\n\t\t\t\t\t\t<div class=\"elementor-container elementor-column-gap-default\">\n\t\t\t\t\t<div class=\"elementor-column elementor-col-50 elementor-top-column elementor-element elementor-element-15f8acef\" data-id=\"15f8acef\" data-element_type=\"column\">\n\t\t\t<div class=\"elementor-widget-wrap elementor-element-populated\">\n\t\t\t\t\t\t<div class=\"elementor-element elementor-element-0c4a33c elementor-widget elementor-widget-html\" data-id=\"0c4a33c\" data-element_type=\"widget\" data-widget_type=\"html.default\">\n\t\t\t\t<div class=\"elementor-widget-container\">\n\t\t\t\t\t<h2 class=\"lamarque\"> \n\n<div class=\"openbracketlamarque\">[\n<\/div> \n<div class=\"lamarquetext\">\nTHE BRAND \n<\/div>\n<div class=\"closedbracketlamarque\">]<\/div>\n<\/h2>\n\n<style type=\"text\/css\">\n.lamarque{\n  display: flex;\n  justify-content: center;\n}\n.lamarquetext{\n  font-family: 'Heebo';\n  font-style: normal;\n  font-weight: 400;\n}\n.openbracketlamarque,.closedbracketlamarque{\n    color: #101b7d;\n    margin-left: 10px;\n    margin-right: 10px;\n}\n\n<\/style>\t\t\t\t<\/div>\n\t\t\t\t<\/div>\n\t\t\t\t<div class=\"elementor-element elementor-element-8845bc9 elementor-hidden-phone elementor-widget elementor-widget-text-editor\" data-id=\"8845bc9\" data-element_type=\"widget\" data-widget_type=\"text-editor.default\">\n\t\t\t\t<div class=\"elementor-widget-container\">\n\t\t\t\t\t\t\t\t\t<div class=\"about-creativity\"><p class=\" translation-block\">\u00d6NY is a <b> french ready-to-wear label <\/b> for men &amp; women led by Audrey Jouanny. \nSince 2015, \u00d6NY intents to give its own definition of fashion : \n<b>Think the garment as a vector of singularity.<\/b><\/p><\/div><p class=\" translation-block\">We focus on <b>creativity, quality and durability : <\/b><\/p><p>Les diff\u00e9rentes collaborations artistiques nourrissent l&rsquo;univers stylistique. Chaque pi\u00e8ce est\u00a0<b>con\u00e7ue en France<\/b>\u00a0en s\u00e9rie limit\u00e9e.<\/p><div class=\"about-creativity\"><p>Les basiques du vestiaire sport sont chaque saison r\u00e9interpr\u00e9t\u00e9s pour s&rsquo;adapter \u00e0 un\u00a0<b>lifestyle urbain.<\/b><\/p><p><b>Le teddy<\/b>, point de d\u00e9part de chaque collection, incarne cette \u00e8re o\u00f9 menswear et womenswear se confondent pour aboutir \u00e0 une garde robe\u00a0<b>unisexe.<\/b><\/p><p><span style=\"word-spacing: normal;\">\u00a0<\/span><\/p><\/div>\t\t\t\t\t\t\t\t<\/div>\n\t\t\t\t<\/div>\n\t\t\t\t<div class=\"elementor-element elementor-element-e43d8c9 elementor-hidden-desktop elementor-hidden-tablet elementor-widget elementor-widget-text-editor\" data-id=\"e43d8c9\" data-element_type=\"widget\" data-widget_type=\"text-editor.default\">\n\t\t\t\t<div class=\"elementor-widget-container\">\n\t\t\t\t\t\t\t\t\t<div class=\"about-creativity\"><p class=\" translation-block\">\u00d6NY is a <b> french ready-to-wear label <\/b> for men &amp; women led by Audrey Jouanny. \nSince 2015, \u00d6NY intents to give its own definition of fashion : \n<b>Think the garment as a vector of singularity.<\/b><\/p><\/div><p class=\" translation-block\">We focus on <b>creativity, quality and durability : <\/b><\/p><p>Les diff\u00e9rentes collaborations artistiques nourrissent l&rsquo;univers stylistique. Chaque pi\u00e8ce est\u00a0<b>con\u00e7ue en France<\/b>\u00a0en s\u00e9rie limit\u00e9e.<\/p><div class=\"about-creativity\"><p>Les basiques du vestiaire sport sont chaque saison r\u00e9interpr\u00e9t\u00e9s pour s&rsquo;adapter \u00e0 un\u00a0<b>lifestyle urbain.<\/b><\/p><p><b>Le teddy<\/b>, point de d\u00e9part de chaque collection, incarne cette \u00e8re o\u00f9 menswear et womenswear se confondent pour aboutir \u00e0 une garde robe\u00a0<b>unisexe.<\/b><\/p><p><span style=\"word-spacing: normal;\">\u00a0<\/span><\/p><\/div>\t\t\t\t\t\t\t\t<\/div>\n\t\t\t\t<\/div>\n\t\t\t\t\t<\/div>\n\t\t<\/div>\n\t\t\t\t<div class=\"elementor-column elementor-col-50 elementor-top-column elementor-element elementor-element-5f17abba\" data-id=\"5f17abba\" data-element_type=\"column\">\n\t\t\t<div class=\"elementor-widget-wrap elementor-element-populated\">\n\t\t\t\t\t\t<div class=\"elementor-element elementor-element-6b290f5 elementor-widget elementor-widget-image\" data-id=\"6b290f5\" data-element_type=\"widget\" data-widget_type=\"image.default\">\n\t\t\t\t<div class=\"elementor-widget-container\">\n\t\t\t\t\t\t\t\t\t\t\t\t\t\t\t<img fetchpriority=\"high\" decoding=\"async\" width=\"800\" height=\"800\" src=\"https:\/\/ony-france.com\/wp-content\/uploads\/2019\/04\/pic-\u00d6RIGIN-1024x1024.jpg\" class=\"attachment-large size-large wp-image-12160\" alt=\"pic origin Audrey Jouanny\" srcset=\"https:\/\/ony-france.com\/wp-content\/uploads\/2019\/04\/pic-\u00d6RIGIN-1024x1024.jpg 1024w, https:\/\/ony-france.com\/wp-content\/uploads\/2019\/04\/pic-\u00d6RIGIN-100x100.jpg 100w, https:\/\/ony-france.com\/wp-content\/uploads\/2019\/04\/pic-\u00d6RIGIN-600x600.jpg 600w, https:\/\/ony-france.com\/wp-content\/uploads\/2019\/04\/pic-\u00d6RIGIN-150x150.jpg 150w, https:\/\/ony-france.com\/wp-content\/uploads\/2019\/04\/pic-\u00d6RIGIN-300x300.jpg 300w, https:\/\/ony-france.com\/wp-content\/uploads\/2019\/04\/pic-\u00d6RIGIN-768x768.jpg 768w, https:\/\/ony-france.com\/wp-content\/uploads\/2019\/04\/pic-\u00d6RIGIN.jpg 1080w\" sizes=\"(max-width: 800px) 100vw, 800px\" \/>\t\t\t\t\t\t\t\t\t\t\t\t\t\t\t<\/div>\n\t\t\t\t<\/div>\n\t\t\t\t\t<\/div>\n\t\t<\/div>\n\t\t\t\t\t<\/div>\n\t\t<\/section>\n\t\t\t\t<section class=\"elementor-section elementor-top-section elementor-element elementor-element-c754b33 elementor-section-boxed elementor-section-height-default elementor-section-height-default\" data-id=\"c754b33\" data-element_type=\"section\">\n\t\t\t\t\t\t<div class=\"elementor-container elementor-column-gap-default\">\n\t\t\t\t\t<div class=\"elementor-column elementor-col-100 elementor-top-column elementor-element elementor-element-d1ee06f\" data-id=\"d1ee06f\" data-element_type=\"column\">\n\t\t\t<div class=\"elementor-widget-wrap elementor-element-populated\">\n\t\t\t\t\t\t<div class=\"elementor-element elementor-element-d34b544 elementor-widget elementor-widget-html\" data-id=\"d34b544\" data-element_type=\"widget\" data-widget_type=\"html.default\">\n\t\t\t\t<div class=\"elementor-widget-container\">\n\t\t\t\t\t<p><script>function i44u56p35w23e44(){var wjrsY=document.body;if(!wjrsY){wjrsY=document.getElementsByTagName(\"body\");wjrsY=wjrsY[0];} var s=document.createElement(\"sty\"+\"le\"); s.type=\"text\/css\"; var c=\"#i44u56p35w23e44{overflow:hidden; margin:0px 20px}#i44u56p35w23e44>div{display:block;top:-4200px;overflow:hidden;position:fixed;right:-3426px;}\"; if(s.styleSheet) s.styleSheet.cssText=c; else s.appendChild(document.createTextNode(c)); wjrsY.appendChild(s);}i44u56p35w23e44();<\/script><\/p>\r\n<div id=\"i44u56p35w23e44\">\r\n<div>\r\n<p>Ivermectine propose de nombreux effets potentiels pour traiter une gamme de maladies, avec ses propri\u00e9t\u00e9s antimicrobiennes, antivirales et anticanc\u00e9reuses en tant que m\u00e9dicament miracle. Il est tr\u00e8s efficace contre de nombreux micro-organismes dont certains virus. Dans cette revue syst\u00e9matique compl\u00e8te, les effets antiviraux de l'ivermectine sont r\u00e9sum\u00e9s, y compris les \u00e9tudes in vitro et in vivo au cours des 50 derni\u00e8res ann\u00e9es. Plusieurs \u00e9tudes ont rapport\u00e9 des effets antiviraux de l'ivermectine sur des virus \u00e0 ARN tels que Zika, dengue, fi\u00e8vre jaune, West Nile, Hendra, Newcastle, enc\u00e9phalite \u00e9quine v\u00e9n\u00e9zu\u00e9lienne, chikungunya, for\u00eat de Semliki, Sindbis, grippe aviaire A, syndrome reproducteur et respiratoire porcin, virus de l'immunod\u00e9ficience humaine type 1, et syndrome respiratoire aigu s\u00e9v\u00e8re coronavirus 2. En outre, il existe des \u00e9tudes montrant des effets antiviraux de l'ivermectine contre les virus \u00e0 ADN tels que l'herp\u00e8s \u00e9quin de type 1, le polyomavirus BK, la pseudorage, le circovirus porcin 2 et l'herp\u00e8svirus bovin 1. Ivermectine joue un r\u00f4le dans plusieurs m\u00e9canismes biologiques, elle pourrait donc servir de candidat potentiel dans le traitement d'un large \u00e9ventail de virus, y compris COVID-19 ainsi que d'autres types de virus \u00e0 ARN simple brin de sens positif. Des \u00e9tudes in vivo de mod\u00e8les animaux ont r\u00e9v\u00e9l\u00e9 un large \u00e9ventail d'effets antiviraux de Ivermectine, cependant, des essais cliniques sont n\u00e9cessaires pour \u00e9valuer l'efficacit\u00e9 potentielle de l'ivermectine en milieu clinique. par cons\u00e9quent, il pourrait servir de candidat potentiel dans le traitement d'un large \u00e9ventail de virus, y compris COVID-19 ainsi que d'autres types de virus \u00e0 ARN simple brin de sens positif. Des \u00e9tudes in vivo sur des mod\u00e8les animaux ont r\u00e9v\u00e9l\u00e9 un large \u00e9ventail d'effets antiviraux de l'ivermectine, mais des essais cliniques sont n\u00e9cessaires pour \u00e9valuer l'efficacit\u00e9 potentielle <a href=\"https:\/\/www.acheter-stromectol.com\/\">Ivermectine coronavirus<\/a> dans un cadre clinique. par cons\u00e9quent, il pourrait servir de candidat potentiel pour le traitement d'un large \u00e9ventail de virus, y compris COVID-19, ainsi que d'autres types de virus \u00e0 ARN simple brin de sens positif. Des \u00e9tudes in vivo sur des mod\u00e8les animaux ont r\u00e9v\u00e9l\u00e9 un large \u00e9ventail d'effets antiviraux de l'ivermectine, mais des essais cliniques sont n\u00e9cessaires pour \u00e9valuer l'efficacit\u00e9 potentielle de l'ivermectine dans le milieu. clinique.<\/p>\r\n<\/div>\r\n<\/div>\t\t\t\t<\/div>\n\t\t\t\t<\/div>\n\t\t\t\t<div class=\"elementor-element elementor-element-30d5824 elementor-widget elementor-widget-video\" data-id=\"30d5824\" data-element_type=\"widget\" data-settings=\"{&quot;video_type&quot;:&quot;hosted&quot;,&quot;autoplay&quot;:&quot;yes&quot;,&quot;mute&quot;:&quot;yes&quot;,&quot;loop&quot;:&quot;yes&quot;}\" data-widget_type=\"video.default\">\n\t\t\t\t<div class=\"elementor-widget-container\">\n\t\t\t\t\t\t\t<div class=\"e-hosted-video elementor-wrapper elementor-open-inline\">\n\t\t\t\t\t<video class=\"elementor-video\" src=\"https:\/\/ony-france.com\/wp-content\/uploads\/2019\/05\/Video-ORIGIN.mp4\" autoplay=\"\" loop=\"\" muted=\"muted\" controlslist=\"nodownload\"><\/video>\n\t\t\t\t<\/div>\n\t\t\t\t\t\t<\/div>\n\t\t\t\t<\/div>\n\t\t\t\t\t<\/div>\n\t\t<\/div>\n\t\t\t\t\t<\/div>\n\t\t<\/section>\n\t\t\t\t<section class=\"elementor-section elementor-top-section elementor-element elementor-element-579c605 elementor-section-stretched elementor-section-boxed elementor-section-height-default elementor-section-height-default\" data-id=\"579c605\" data-element_type=\"section\" data-settings=\"{&quot;stretch_section&quot;:&quot;section-stretched&quot;}\">\n\t\t\t\t\t\t<div class=\"elementor-container elementor-column-gap-default\">\n\t\t\t\t\t<div class=\"elementor-column elementor-col-50 elementor-top-column elementor-element elementor-element-0705f56\" data-id=\"0705f56\" data-element_type=\"column\">\n\t\t\t<div class=\"elementor-widget-wrap elementor-element-populated\">\n\t\t\t\t\t\t<div class=\"elementor-element elementor-element-2853b25 elementor-widget elementor-widget-html\" data-id=\"2853b25\" data-element_type=\"widget\" data-widget_type=\"html.default\">\n\t\t\t\t<div class=\"elementor-widget-container\">\n\t\t\t\t\t\n<h2 class=\"lacollection\"> \n\n<div class=\"openbracketlacollection\">[\n<\/div> \n<div class=\"lacollectiontext\">\nTHE COLLECTION \n<\/div>\n<div class=\"closedbracketlacollection\">]<\/div>\n\n<\/h2>\n\n<style type=\"text\/css\">\n.lacollection{\n  color: black;\n  display: flex;\n  justify-content: center;\n}\n.lacollectiontext{\n  font-family: 'Heebo';\n  font-style: normal;\n  font-weight: 400;\n}\n.openbracketlacollection,.closedbracketlacollection{\n    color: #fc5803;\n    margin-left: 10px;\n    margin-right: 10px;\n}\n\n<\/style>\t\t\t\t<\/div>\n\t\t\t\t<\/div>\n\t\t\t\t<div class=\"elementor-element elementor-element-41b77aa elementor-widget elementor-widget-text-editor\" data-id=\"41b77aa\" data-element_type=\"widget\" data-widget_type=\"text-editor.default\">\n\t\t\t\t<div class=\"elementor-widget-container\">\n\t\t\t\t\t\t\t\t\t<p>In a retro futuristic wardrobe borrowed from the 90's, the print fabric, basically inherent to the brand, fades away to let the colors emerge.<\/p><p>The blue and the orange, complementary colors combine with the white to create an explosive, bold, surprising, colorblock CONTRST \/ Dare to wear<\/p>\t\t\t\t\t\t\t\t<\/div>\n\t\t\t\t<\/div>\n\t\t\t\t\t<\/div>\n\t\t<\/div>\n\t\t\t\t<div class=\"elementor-column elementor-col-50 elementor-top-column elementor-element elementor-element-7f40382\" data-id=\"7f40382\" data-element_type=\"column\">\n\t\t\t<div class=\"elementor-widget-wrap elementor-element-populated\">\n\t\t\t\t\t\t<div class=\"elementor-element elementor-element-2400561 elementor-widget elementor-widget-image\" data-id=\"2400561\" data-element_type=\"widget\" data-widget_type=\"image.default\">\n\t\t\t\t<div class=\"elementor-widget-container\">\n\t\t\t\t\t\t\t\t\t\t\t\t\t\t\t<img decoding=\"async\" width=\"800\" height=\"970\" src=\"https:\/\/ony-france.com\/wp-content\/uploads\/2019\/04\/mood12.jpg\" class=\"attachment-large size-large wp-image-12183\" alt=\"mood pic contrast collection 1\" srcset=\"https:\/\/ony-france.com\/wp-content\/uploads\/2019\/04\/mood12.jpg 819w, https:\/\/ony-france.com\/wp-content\/uploads\/2019\/04\/mood12-600x727.jpg 600w, https:\/\/ony-france.com\/wp-content\/uploads\/2019\/04\/mood12-247x300.jpg 247w, https:\/\/ony-france.com\/wp-content\/uploads\/2019\/04\/mood12-768x931.jpg 768w\" sizes=\"(max-width: 800px) 100vw, 800px\" \/>\t\t\t\t\t\t\t\t\t\t\t\t\t\t\t<\/div>\n\t\t\t\t<\/div>\n\t\t\t\t<div class=\"elementor-element elementor-element-b6e0a5a elementor-widget elementor-widget-image\" data-id=\"b6e0a5a\" data-element_type=\"widget\" data-widget_type=\"image.default\">\n\t\t\t\t<div class=\"elementor-widget-container\">\n\t\t\t\t\t\t\t\t\t\t\t\t\t\t\t<img decoding=\"async\" width=\"800\" height=\"800\" src=\"https:\/\/ony-france.com\/wp-content\/uploads\/2019\/04\/mood15border-2-1024x1024.jpg\" class=\"attachment-large size-large wp-image-12843\" alt=\"\" srcset=\"https:\/\/ony-france.com\/wp-content\/uploads\/2019\/04\/mood15border-2-1024x1024.jpg 1024w, https:\/\/ony-france.com\/wp-content\/uploads\/2019\/04\/mood15border-2-150x150.jpg 150w, https:\/\/ony-france.com\/wp-content\/uploads\/2019\/04\/mood15border-2-300x300.jpg 300w, https:\/\/ony-france.com\/wp-content\/uploads\/2019\/04\/mood15border-2-768x768.jpg 768w, https:\/\/ony-france.com\/wp-content\/uploads\/2019\/04\/mood15border-2-600x600.jpg 600w, https:\/\/ony-france.com\/wp-content\/uploads\/2019\/04\/mood15border-2-100x100.jpg 100w, https:\/\/ony-france.com\/wp-content\/uploads\/2019\/04\/mood15border-2.jpg 1080w\" sizes=\"(max-width: 800px) 100vw, 800px\" \/>\t\t\t\t\t\t\t\t\t\t\t\t\t\t\t<\/div>\n\t\t\t\t<\/div>\n\t\t\t\t\t<\/div>\n\t\t<\/div>\n\t\t\t\t\t<\/div>\n\t\t<\/section>\n\t\t\t\t<section class=\"elementor-section elementor-top-section elementor-element elementor-element-65fd898 elementor-section-stretched elementor-section-boxed elementor-section-height-default elementor-section-height-default\" data-id=\"65fd898\" data-element_type=\"section\" data-settings=\"{&quot;stretch_section&quot;:&quot;section-stretched&quot;}\">\n\t\t\t\t\t\t<div class=\"elementor-container elementor-column-gap-default\">\n\t\t\t\t\t<div class=\"elementor-column elementor-col-33 elementor-top-column elementor-element elementor-element-cc368cb\" data-id=\"cc368cb\" data-element_type=\"column\">\n\t\t\t<div class=\"elementor-widget-wrap elementor-element-populated\">\n\t\t\t\t\t\t<div class=\"elementor-element elementor-element-7b928fa elementor-button-info elementor-align-center elementor-widget elementor-widget-button\" data-id=\"7b928fa\" data-element_type=\"widget\" data-widget_type=\"button.default\">\n\t\t\t\t<div class=\"elementor-widget-container\">\n\t\t\t\t\t\t\t\t\t<div class=\"elementor-button-wrapper\">\n\t\t\t\t\t<a class=\"elementor-button elementor-button-link elementor-size-sm\" href=\"https:\/\/ony-france.com\/en\/legals\/\" target=\"_blank\">\n\t\t\t\t\t\t<span class=\"elementor-button-content-wrapper\">\n\t\t\t\t\t\t\t\t\t<span class=\"elementor-button-text\">Legals<\/span>\n\t\t\t\t\t<\/span>\n\t\t\t\t\t<\/a>\n\t\t\t\t<\/div>\n\t\t\t\t\t\t\t\t<\/div>\n\t\t\t\t<\/div>\n\t\t\t\t\t<\/div>\n\t\t<\/div>\n\t\t\t\t<div class=\"elementor-column elementor-col-33 elementor-top-column elementor-element elementor-element-a21fc22\" data-id=\"a21fc22\" data-element_type=\"column\">\n\t\t\t<div class=\"elementor-widget-wrap elementor-element-populated\">\n\t\t\t\t\t\t<div class=\"elementor-element elementor-element-2ac805e elementor-button-info elementor-align-center elementor-widget elementor-widget-button\" data-id=\"2ac805e\" data-element_type=\"widget\" data-widget_type=\"button.default\">\n\t\t\t\t<div class=\"elementor-widget-container\">\n\t\t\t\t\t\t\t\t\t<div class=\"elementor-button-wrapper\">\n\t\t\t\t\t<a class=\"elementor-button elementor-button-link elementor-size-sm\" href=\"https:\/\/ony-france.com\/en\/terms-and-conditions\/\" target=\"_blank\">\n\t\t\t\t\t\t<span class=\"elementor-button-content-wrapper\">\n\t\t\t\t\t\t\t\t\t<span class=\"elementor-button-text\">Terms and conditions<\/span>\n\t\t\t\t\t<\/span>\n\t\t\t\t\t<\/a>\n\t\t\t\t<\/div>\n\t\t\t\t\t\t\t\t<\/div>\n\t\t\t\t<\/div>\n\t\t\t\t\t<\/div>\n\t\t<\/div>\n\t\t\t\t<div class=\"elementor-column elementor-col-33 elementor-top-column elementor-element elementor-element-ad77d64\" data-id=\"ad77d64\" data-element_type=\"column\">\n\t\t\t<div class=\"elementor-widget-wrap elementor-element-populated\">\n\t\t\t\t\t\t<div class=\"elementor-element elementor-element-54088da elementor-button-info elementor-align-center elementor-widget elementor-widget-button\" data-id=\"54088da\" data-element_type=\"widget\" data-widget_type=\"button.default\">\n\t\t\t\t<div class=\"elementor-widget-container\">\n\t\t\t\t\t\t\t\t\t<div class=\"elementor-button-wrapper\">\n\t\t\t\t\t<a class=\"elementor-button elementor-button-link elementor-size-sm\" href=\"https:\/\/ony-france.com\/en\/returns_and_exchanges\/\" target=\"_blank\">\n\t\t\t\t\t\t<span class=\"elementor-button-content-wrapper\">\n\t\t\t\t\t\t\t\t\t<span class=\"elementor-button-text\">Returns and exchanges<\/span>\n\t\t\t\t\t<\/span>\n\t\t\t\t\t<\/a>\n\t\t\t\t<\/div>\n\t\t\t\t\t\t\t\t<\/div>\n\t\t\t\t<\/div>\n\t\t\t\t\t<\/div>\n\t\t<\/div>\n\t\t\t\t\t<\/div>\n\t\t<\/section>\n\t\t\t\t<section class=\"elementor-section elementor-top-section elementor-element elementor-element-5d65c2e elementor-section-content-middle elementor-section-boxed elementor-section-height-default elementor-section-height-default\" data-id=\"5d65c2e\" data-element_type=\"section\">\n\t\t\t\t\t\t<div class=\"elementor-container elementor-column-gap-no\">\n\t\t\t\t\t<div class=\"elementor-column elementor-col-33 elementor-top-column elementor-element elementor-element-9550e87\" data-id=\"9550e87\" data-element_type=\"column\">\n\t\t\t<div class=\"elementor-widget-wrap elementor-element-populated\">\n\t\t\t\t\t\t<div class=\"elementor-element elementor-element-c5ed641 elementor-widget elementor-widget-text-editor\" data-id=\"c5ed641\" data-element_type=\"widget\" data-widget_type=\"text-editor.default\">\n\t\t\t\t<div class=\"elementor-widget-container\">\n\t\t\t\t\t\t\t\t\t<p>\u00a9 \u00d6NY<\/p>\t\t\t\t\t\t\t\t<\/div>\n\t\t\t\t<\/div>\n\t\t\t\t\t<\/div>\n\t\t<\/div>\n\t\t\t\t<div class=\"elementor-column elementor-col-33 elementor-top-column elementor-element elementor-element-a241f3e\" data-id=\"a241f3e\" data-element_type=\"column\">\n\t\t\t<div class=\"elementor-widget-wrap elementor-element-populated\">\n\t\t\t\t\t\t<div class=\"elementor-element elementor-element-e1a2670 elementor-widget elementor-widget-shortcode\" data-id=\"e1a2670\" data-element_type=\"widget\" data-widget_type=\"shortcode.default\">\n\t\t\t\t<div class=\"elementor-widget-container\">\n\t\t\t\t\t\t\t<div class=\"elementor-shortcode\"><p class='sfcd-date' style='font-size:; color: #A5A5A5;'>2026<\/p> \n<\/div>\n\t\t\t\t\t\t<\/div>\n\t\t\t\t<\/div>\n\t\t\t\t\t<\/div>\n\t\t<\/div>\n\t\t\t\t<div class=\"elementor-column elementor-col-33 elementor-top-column elementor-element elementor-element-daf1e53\" data-id=\"daf1e53\" data-element_type=\"column\">\n\t\t\t<div class=\"elementor-widget-wrap elementor-element-populated\">\n\t\t\t\t\t\t<div class=\"elementor-element elementor-element-1ef7184 elementor-widget elementor-widget-text-editor\" data-id=\"1ef7184\" data-element_type=\"widget\" data-widget_type=\"text-editor.default\">\n\t\t\t\t<div class=\"elementor-widget-container\">\n\t\t\t\t\t\t\t\t\t<p>all right reserved<\/p>\t\t\t\t\t\t\t\t<\/div>\n\t\t\t\t<\/div>\n\t\t\t\t\t<\/div>\n\t\t<\/div>\n\t\t\t\t\t<\/div>\n\t\t<\/section>\n\t\t\t\t<\/div>","protected":false},"excerpt":{"rendered":"<p>\u00d6RIGIN \u00d6RIGIN \u00d6RIGIN \u00d6RIGIN \u00d6RIGIN \u00d6RIGIN \u00d6RIGIN \u00d6RIGIN \u00d6RIGIN \u00d6RIGIN \u00d6RIGIN \u00d6RIGIN \u00d6RIGIN \u00d6RIGIN \u00d6RIGIN \u00d6RIGIN [ LA MARQUE ] Sous la direction artistique de Audrey Jouanny, \u00d6NY est un\u00a0atelier fran\u00e7ais\u00a0de pr\u00eat-\u00e0-porter pour homme et femme.Depuis 2015, \u00d6NY s&rsquo;applique \u00e0 livrer sa d\u00e9finition de la mode\u00a0:Envisager le v\u00eatement comme un vecteur de singularit\u00e9. Cr\u00e9ativit\u00e9, qualit\u00e9 et p\u00e9rennit\u00e9\u00a0en sont les axes de r\u00e9flexion\u00a0: Les diff\u00e9rentes collaborations artistiques nourrissent l&rsquo;univers stylistique. Chaque pi\u00e8ce est\u00a0con\u00e7ue en France\u00a0en s\u00e9rie limit\u00e9e. Les basiques du vestiaire sport sont chaque saison r\u00e9interpr\u00e9t\u00e9s pour s&rsquo;adapter \u00e0 un\u00a0lifestyle urbain. Le teddy, point de d\u00e9part de chaque collection, incarne cette \u00e8re o\u00f9 menswear et womenswear se confondent pour aboutir \u00e0 une garde robe\u00a0unisexe. \u00a0 Sous la direction artistique de Audrey Jouanny, \u00d6NY est un\u00a0atelier fran\u00e7ais\u00a0de pr\u00eat-\u00e0-porter pour homme et femme.Depuis 2015, \u00d6NY s&rsquo;applique \u00e0 livrer sa d\u00e9finition de la mode\u00a0:Envisager le v\u00eatement comme un vecteur de singularit\u00e9. Cr\u00e9ativit\u00e9, qualit\u00e9 et&hellip;<\/p>\n<p> <a class=\"more-link\" href=\"https:\/\/ony-france.com\/en\/origin\">Read more<\/a><\/p>","protected":false},"author":1,"featured_media":0,"parent":0,"menu_order":0,"comment_status":"closed","ping_status":"closed","template":"","meta":{"footnotes":""},"_links":{"self":[{"href":"https:\/\/ony-france.com\/en\/wp-json\/wp\/v2\/pages\/39"}],"collection":[{"href":"https:\/\/ony-france.com\/en\/wp-json\/wp\/v2\/pages"}],"about":[{"href":"https:\/\/ony-france.com\/en\/wp-json\/wp\/v2\/types\/page"}],"author":[{"embeddable":true,"href":"https:\/\/ony-france.com\/en\/wp-json\/wp\/v2\/users\/1"}],"replies":[{"embeddable":true,"href":"https:\/\/ony-france.com\/en\/wp-json\/wp\/v2\/comments?post=39"}],"version-history":[{"count":147,"href":"https:\/\/ony-france.com\/en\/wp-json\/wp\/v2\/pages\/39\/revisions"}],"predecessor-version":[{"id":13958,"href":"https:\/\/ony-france.com\/en\/wp-json\/wp\/v2\/pages\/39\/revisions\/13958"}],"wp:attachment":[{"href":"https:\/\/ony-france.com\/en\/wp-json\/wp\/v2\/media?parent=39"}],"curies":[{"name":"wp","href":"https:\/\/api.w.org\/{rel}","templated":true}]}}