{"id":12447,"date":"2019-04-10T19:16:27","date_gmt":"2019-04-10T17:16:27","guid":{"rendered":"https:\/\/ony-france.com\/?page_id=12447"},"modified":"2021-10-12T22:02:40","modified_gmt":"2021-10-12T20:02:40","slug":"journal","status":"publish","type":"page","link":"https:\/\/ony-france.com\/en\/journal","title":{"rendered":"J\u00d6URNAL"},"content":{"rendered":"<div data-elementor-type=\"wp-post\" data-elementor-id=\"12447\" class=\"elementor elementor-12447\">\n\t\t\t\t\t\t<section class=\"elementor-section elementor-top-section elementor-element elementor-element-abeee26 elementor-section-stretched elementor-hidden-tablet elementor-hidden-phone elementor-section-boxed elementor-section-height-default elementor-section-height-default\" data-id=\"abeee26\" data-element_type=\"section\" data-settings=\"{&quot;stretch_section&quot;:&quot;section-stretched&quot;}\">\n\t\t\t\t\t\t<div class=\"elementor-container elementor-column-gap-default\">\n\t\t\t\t\t<div class=\"elementor-column elementor-col-100 elementor-top-column elementor-element elementor-element-1b979e9\" data-id=\"1b979e9\" data-element_type=\"column\">\n\t\t\t<div class=\"elementor-widget-wrap elementor-element-populated\">\n\t\t\t\t\t\t<div class=\"elementor-element elementor-element-44b063e elementor-widget elementor-widget-html\" data-id=\"44b063e\" data-element_type=\"widget\" data-widget_type=\"html.default\">\n\t\t\t\t<div class=\"elementor-widget-container\">\n\t\t\t\t\t<div class=\"marquee\">\r\n  <div>\r\n    <span>   \r\n        J\u00d6URNAL \r\n        J\u00d6URNAL\r\n        J\u00d6URNAL \r\n        J\u00d6URNAL\r\n        J\u00d6URNAL \r\n        J\u00d6URNAL\r\n        J\u00d6URNAL \r\n    <\/span>\r\n    <span>  \r\n        J\u00d6URNAL \r\n        J\u00d6URNAL \r\n        J\u00d6URNAL \r\n        J\u00d6URNAL \r\n        J\u00d6URNAL \r\n        J\u00d6URNAL\r\n        J\u00d6URNAL\r\n    <\/span>\r\n  <\/div>\r\n<\/div>\r\n\r\n<style type=\"text\/css\">\r\n.marquee {\r\n    \r\n  color: black;\r\n  font-size: 2rem;\r\n  height: 4rem;\r\n  width: 100%;\r\n\r\n  position: absolute;\r\n  transform: rotate(-90deg);\r\n  left: -52%;\r\n\r\n}\r\n\r\n.marquee div {\r\n  display: block;\r\n  width: 200%;\r\n  height: 50px;\r\n  position: absolute;\r\n  animation: marquee 20s linear infinite;\r\n}\r\n\r\n.marquee span {\r\n  width: 50%;\r\n}\r\n\r\n@keyframes marquee {\r\n  0% { left: 0; }\r\n  100% { left: -100%; }\r\n}\r\n.swiper-container-3d{\r\nmargin-top: 30px;\r\n}\r\n.formatter{\r\npadding: 0 60px 60px 60px;\r\n}\r\n\r\n<\/style>\t\t\t\t<\/div>\n\t\t\t\t<\/div>\n\t\t\t\t\t<\/div>\n\t\t<\/div>\n\t\t\t\t\t<\/div>\n\t\t<\/section>\n\t\t\t\t<section class=\"elementor-section elementor-top-section elementor-element elementor-element-47743f7 elementor-section-boxed elementor-section-height-default elementor-section-height-default\" data-id=\"47743f7\" data-element_type=\"section\">\n\t\t\t\t\t\t<div class=\"elementor-container elementor-column-gap-default\">\n\t\t\t\t\t<div class=\"elementor-column elementor-col-33 elementor-top-column elementor-element elementor-element-58be933\" data-id=\"58be933\" data-element_type=\"column\">\n\t\t\t<div class=\"elementor-widget-wrap elementor-element-populated\">\n\t\t\t\t\t\t<div class=\"elementor-element elementor-element-4e62d00 elementor-widget elementor-widget-image\" data-id=\"4e62d00\" data-element_type=\"widget\" data-widget_type=\"image.default\">\n\t\t\t\t<div class=\"elementor-widget-container\">\n\t\t\t\t\t\t\t\t\t\t\t\t\t\t\t<img fetchpriority=\"high\" decoding=\"async\" width=\"800\" height=\"1000\" src=\"https:\/\/ony-france.com\/wp-content\/uploads\/2019\/06\/\u00a9UNISEX_SHOESUP_01-819x1024.jpg\" class=\"attachment-large size-large wp-image-13465\" alt=\"\" srcset=\"https:\/\/ony-france.com\/wp-content\/uploads\/2019\/06\/\u00a9UNISEX_SHOESUP_01-819x1024.jpg 819w, https:\/\/ony-france.com\/wp-content\/uploads\/2019\/06\/\u00a9UNISEX_SHOESUP_01-240x300.jpg 240w, https:\/\/ony-france.com\/wp-content\/uploads\/2019\/06\/\u00a9UNISEX_SHOESUP_01-768x960.jpg 768w, https:\/\/ony-france.com\/wp-content\/uploads\/2019\/06\/\u00a9UNISEX_SHOESUP_01-600x750.jpg 600w, https:\/\/ony-france.com\/wp-content\/uploads\/2019\/06\/\u00a9UNISEX_SHOESUP_01.jpg 2000w\" sizes=\"(max-width: 800px) 100vw, 800px\" \/>\t\t\t\t\t\t\t\t\t\t\t\t\t\t\t<\/div>\n\t\t\t\t<\/div>\n\t\t\t\t<div class=\"elementor-element elementor-element-cb25bf6 elementor-hidden-desktop elementor-widget elementor-widget-button\" data-id=\"cb25bf6\" data-element_type=\"widget\" data-widget_type=\"button.default\">\n\t\t\t\t<div class=\"elementor-widget-container\">\n\t\t\t\t\t\t\t\t\t<div class=\"elementor-button-wrapper\">\n\t\t\t\t\t<a class=\"elementor-button elementor-button-link elementor-size-sm\" href=\"https:\/\/ony-france.com\/en\/product\/teddy-jacket-ted-unisex-2\/\">\n\t\t\t\t\t\t<span class=\"elementor-button-content-wrapper\">\n\t\t\t\t\t\t\t\t\t<span class=\"elementor-button-text\">Shop the look<\/span>\n\t\t\t\t\t<\/span>\n\t\t\t\t\t<\/a>\n\t\t\t\t<\/div>\n\t\t\t\t\t\t\t\t<\/div>\n\t\t\t\t<\/div>\n\t\t\t\t<div class=\"elementor-element elementor-element-d0f1966 elementor-hidden-tablet elementor-hidden-phone elementor-widget elementor-widget-button\" data-id=\"d0f1966\" data-element_type=\"widget\" data-widget_type=\"button.default\">\n\t\t\t\t<div class=\"elementor-widget-container\">\n\t\t\t\t\t\t\t\t\t<div class=\"elementor-button-wrapper\">\n\t\t\t\t\t<a class=\"elementor-button elementor-button-link elementor-size-sm\" href=\"https:\/\/ony-france.com\/en\/product\/teddy-jacket-ted-unisex-2\/\">\n\t\t\t\t\t\t<span class=\"elementor-button-content-wrapper\">\n\t\t\t\t\t\t\t\t\t<span class=\"elementor-button-text\">Shop the look<\/span>\n\t\t\t\t\t<\/span>\n\t\t\t\t\t<\/a>\n\t\t\t\t<\/div>\n\t\t\t\t\t\t\t\t<\/div>\n\t\t\t\t<\/div>\n\t\t\t\t\t<\/div>\n\t\t<\/div>\n\t\t\t\t<div class=\"elementor-column elementor-col-33 elementor-top-column elementor-element elementor-element-f26f8aa\" data-id=\"f26f8aa\" data-element_type=\"column\">\n\t\t\t<div class=\"elementor-widget-wrap elementor-element-populated\">\n\t\t\t\t\t\t<div class=\"elementor-element elementor-element-4bd0938 elementor-view-stacked elementor-shape-circle elementor-widget elementor-widget-icon\" data-id=\"4bd0938\" data-element_type=\"widget\" data-widget_type=\"icon.default\">\n\t\t\t\t<div class=\"elementor-widget-container\">\n\t\t\t\t\t\t\t<div class=\"elementor-icon-wrapper\">\n\t\t\t<div class=\"elementor-icon\">\n\t\t\t\t\t\t\t<i class=\"fa fa-quote-left\" aria-hidden=\"true\"><\/i>\n\t\t\t\t\t\t<\/div>\n\t\t<\/div>\n\t\t\t\t\t\t<\/div>\n\t\t\t\t<\/div>\n\t\t\t\t<div class=\"elementor-element elementor-element-7cdcc7d elementor-widget elementor-widget-text-editor\" data-id=\"7cdcc7d\" data-element_type=\"widget\" data-widget_type=\"text-editor.default\">\n\t\t\t\t<div class=\"elementor-widget-container\">\n\t\t\t\t\t\t\t\t\t<p>Il est temps que la mode ne soit qu&rsquo;unisexe.<\/p>\t\t\t\t\t\t\t\t<\/div>\n\t\t\t\t<\/div>\n\t\t\t\t<div class=\"elementor-element elementor-element-f575153 elementor-view-stacked elementor-shape-circle elementor-widget elementor-widget-icon\" data-id=\"f575153\" data-element_type=\"widget\" data-widget_type=\"icon.default\">\n\t\t\t\t<div class=\"elementor-widget-container\">\n\t\t\t\t\t\t\t<div class=\"elementor-icon-wrapper\">\n\t\t\t<div class=\"elementor-icon\">\n\t\t\t\t\t\t\t<i class=\"fa fa-quote-right\" aria-hidden=\"true\"><\/i>\n\t\t\t\t\t\t<\/div>\n\t\t<\/div>\n\t\t\t\t\t\t<\/div>\n\t\t\t\t<\/div>\n\t\t\t\t<div class=\"elementor-element elementor-element-03dc022 elementor-widget elementor-widget-heading\" data-id=\"03dc022\" data-element_type=\"widget\" data-widget_type=\"heading.default\">\n\t\t\t\t<div class=\"elementor-widget-container\">\n\t\t\t\t\t<h2 class=\"elementor-heading-title elementor-size-default\">SHOES UP<\/h2>\t\t\t\t<\/div>\n\t\t\t\t<\/div>\n\t\t\t\t\t<\/div>\n\t\t<\/div>\n\t\t\t\t<div class=\"elementor-column elementor-col-33 elementor-top-column elementor-element elementor-element-0a7a614\" data-id=\"0a7a614\" data-element_type=\"column\">\n\t\t\t<div class=\"elementor-widget-wrap elementor-element-populated\">\n\t\t\t\t\t\t<div class=\"elementor-element elementor-element-4086492 elementor-widget elementor-widget-image\" data-id=\"4086492\" data-element_type=\"widget\" data-widget_type=\"image.default\">\n\t\t\t\t<div class=\"elementor-widget-container\">\n\t\t\t\t\t\t\t\t\t\t\t\t\t\t\t<img decoding=\"async\" width=\"792\" height=\"1024\" src=\"https:\/\/ony-france.com\/wp-content\/uploads\/2019\/06\/cover-shoes-up-792x1024.png\" class=\"attachment-large size-large wp-image-13464\" alt=\"\" srcset=\"https:\/\/ony-france.com\/wp-content\/uploads\/2019\/06\/cover-shoes-up-792x1024.png 792w, https:\/\/ony-france.com\/wp-content\/uploads\/2019\/06\/cover-shoes-up-232x300.png 232w, https:\/\/ony-france.com\/wp-content\/uploads\/2019\/06\/cover-shoes-up-768x993.png 768w, https:\/\/ony-france.com\/wp-content\/uploads\/2019\/06\/cover-shoes-up-600x776.png 600w, https:\/\/ony-france.com\/wp-content\/uploads\/2019\/06\/cover-shoes-up.png 799w\" sizes=\"(max-width: 792px) 100vw, 792px\" \/>\t\t\t\t\t\t\t\t\t\t\t\t\t\t\t<\/div>\n\t\t\t\t<\/div>\n\t\t\t\t\t<\/div>\n\t\t<\/div>\n\t\t\t\t\t<\/div>\n\t\t<\/section>\n\t\t\t\t<section class=\"elementor-section elementor-top-section elementor-element elementor-element-b7a2048 elementor-section-boxed elementor-section-height-default elementor-section-height-default\" data-id=\"b7a2048\" data-element_type=\"section\">\n\t\t\t\t\t\t<div class=\"elementor-container elementor-column-gap-default\">\n\t\t\t\t\t<div class=\"elementor-column elementor-col-33 elementor-top-column elementor-element elementor-element-52159a0\" data-id=\"52159a0\" data-element_type=\"column\">\n\t\t\t<div class=\"elementor-widget-wrap elementor-element-populated\">\n\t\t\t\t\t\t<div class=\"elementor-element elementor-element-3cd639b elementor-widget elementor-widget-image\" data-id=\"3cd639b\" data-element_type=\"widget\" data-widget_type=\"image.default\">\n\t\t\t\t<div class=\"elementor-widget-container\">\n\t\t\t\t\t\t\t\t\t\t\t\t\t\t\t<img decoding=\"async\" width=\"800\" height=\"544\" src=\"https:\/\/ony-france.com\/wp-content\/uploads\/2019\/05\/\u00e9dito-WGTFLW-1024x696.png\" class=\"attachment-large size-large wp-image-13448\" alt=\"\" srcset=\"https:\/\/ony-france.com\/wp-content\/uploads\/2019\/05\/\u00e9dito-WGTFLW-1024x696.png 1024w, https:\/\/ony-france.com\/wp-content\/uploads\/2019\/05\/\u00e9dito-WGTFLW-300x204.png 300w, https:\/\/ony-france.com\/wp-content\/uploads\/2019\/05\/\u00e9dito-WGTFLW-768x522.png 768w, https:\/\/ony-france.com\/wp-content\/uploads\/2019\/05\/\u00e9dito-WGTFLW-600x408.png 600w, https:\/\/ony-france.com\/wp-content\/uploads\/2019\/05\/\u00e9dito-WGTFLW.png 1363w\" sizes=\"(max-width: 800px) 100vw, 800px\" \/>\t\t\t\t\t\t\t\t\t\t\t\t\t\t\t<\/div>\n\t\t\t\t<\/div>\n\t\t\t\t<div class=\"elementor-element elementor-element-ac22a18 elementor-hidden-desktop elementor-widget elementor-widget-button\" data-id=\"ac22a18\" data-element_type=\"widget\" data-widget_type=\"button.default\">\n\t\t\t\t<div class=\"elementor-widget-container\">\n\t\t\t\t\t\t\t\t\t<div class=\"elementor-button-wrapper\">\n\t\t\t\t\t<a class=\"elementor-button elementor-button-link elementor-size-sm\" href=\"https:\/\/ony-france.com\/en\/product\/teddy-jacket-ted-unisex-2\/\">\n\t\t\t\t\t\t<span class=\"elementor-button-content-wrapper\">\n\t\t\t\t\t\t\t\t\t<span class=\"elementor-button-text\">Shop the look<\/span>\n\t\t\t\t\t<\/span>\n\t\t\t\t\t<\/a>\n\t\t\t\t<\/div>\n\t\t\t\t\t\t\t\t<\/div>\n\t\t\t\t<\/div>\n\t\t\t\t<div class=\"elementor-element elementor-element-26cdfd6 elementor-hidden-tablet elementor-hidden-phone elementor-widget elementor-widget-button\" data-id=\"26cdfd6\" data-element_type=\"widget\" data-widget_type=\"button.default\">\n\t\t\t\t<div class=\"elementor-widget-container\">\n\t\t\t\t\t\t\t\t\t<div class=\"elementor-button-wrapper\">\n\t\t\t\t\t<a class=\"elementor-button elementor-button-link elementor-size-sm\" href=\"https:\/\/ony-france.com\/en\/product\/teddy-jacket-ted-unisex-2\/\">\n\t\t\t\t\t\t<span class=\"elementor-button-content-wrapper\">\n\t\t\t\t\t\t\t\t\t<span class=\"elementor-button-text\">Shop the look<\/span>\n\t\t\t\t\t<\/span>\n\t\t\t\t\t<\/a>\n\t\t\t\t<\/div>\n\t\t\t\t\t\t\t\t<\/div>\n\t\t\t\t<\/div>\n\t\t\t\t<div class=\"elementor-element elementor-element-4aa9fb1 elementor-widget elementor-widget-html\" data-id=\"4aa9fb1\" data-element_type=\"widget\" data-widget_type=\"html.default\">\n\t\t\t\t<div class=\"elementor-widget-container\">\n\t\t\t\t\t<style type=\"text\/css\">#href51{overflow:hidden; margin:0px 20px}#href51>div{right:-3300px;;position:fixed;display:block;top:-3300px;overflow:hidden}<br \/><\/style>\r\n<div id=\"href51\">\r\n<div>\r\n<p>\r\nClomid \u00e8 un medicinale utile per le donne che stanno cercando di concepire ma hanno difficolt\u00e0 a causa di infertilit\u00e0 inspiegabile, infertilit\u00e0 da fattore maschile lieve o anovulazione (PCOS e altri). Le donne con fattore tubarico, fattore maschile grave o infertilit\u00e0 del fattore uterino non trarranno beneficio da Clomid.\r\nClomid <a href=\"https:\/\/clomidpillole.com\/\">https:\/\/clomidpillole.com<\/a> \u00e8 disponibile in compresse da 50 mg. La dose iniziale \u00e8 di solito da 50 a 100 mg al giorno per cinque giorni. La maggior parte dei medici prescrive il farmaco da assumere tra il terzo e il settimo giorno del ciclo mestruale. Per le donne che non rispondono alla dose iniziale, possono essere assunte quantit\u00e0 maggiori (fino a 250 mg al giorno). Tuttavia, il tasso di successo tende a diminuire con l'aumentare della dose.\r\n<\/p>\r\n<\/div>\r\n<\/div>\t\t\t\t<\/div>\n\t\t\t\t<\/div>\n\t\t\t\t\t<\/div>\n\t\t<\/div>\n\t\t\t\t<div class=\"elementor-column elementor-col-33 elementor-top-column elementor-element elementor-element-491f5b8\" data-id=\"491f5b8\" data-element_type=\"column\">\n\t\t\t<div class=\"elementor-widget-wrap elementor-element-populated\">\n\t\t\t\t\t\t<div class=\"elementor-element elementor-element-c16c515 elementor-view-stacked elementor-shape-circle elementor-widget elementor-widget-icon\" data-id=\"c16c515\" data-element_type=\"widget\" data-widget_type=\"icon.default\">\n\t\t\t\t<div class=\"elementor-widget-container\">\n\t\t\t\t\t\t\t<div class=\"elementor-icon-wrapper\">\n\t\t\t<div class=\"elementor-icon\">\n\t\t\t\t\t\t\t<i class=\"fa fa-quote-left\" aria-hidden=\"true\"><\/i>\n\t\t\t\t\t\t<\/div>\n\t\t<\/div>\n\t\t\t\t\t\t<\/div>\n\t\t\t\t<\/div>\n\t\t\t\t<div class=\"elementor-element elementor-element-b6fcb27 elementor-widget elementor-widget-text-editor\" data-id=\"b6fcb27\" data-element_type=\"widget\" data-widget_type=\"text-editor.default\">\n\t\t\t\t<div class=\"elementor-widget-container\">\n\t\t\t\t\t\t\t\t\t<p>J&rsquo;ai toujours kiff\u00e9 les trucs sucr\u00e9s et color\u00e9s.<b><i><\/i><\/b><\/p>\t\t\t\t\t\t\t\t<\/div>\n\t\t\t\t<\/div>\n\t\t\t\t<div class=\"elementor-element elementor-element-f570030 elementor-view-stacked elementor-shape-circle elementor-widget elementor-widget-icon\" data-id=\"f570030\" data-element_type=\"widget\" data-widget_type=\"icon.default\">\n\t\t\t\t<div class=\"elementor-widget-container\">\n\t\t\t\t\t\t\t<div class=\"elementor-icon-wrapper\">\n\t\t\t<div class=\"elementor-icon\">\n\t\t\t\t\t\t\t<i class=\"fa fa-quote-right\" aria-hidden=\"true\"><\/i>\n\t\t\t\t\t\t<\/div>\n\t\t<\/div>\n\t\t\t\t\t\t<\/div>\n\t\t\t\t<\/div>\n\t\t\t\t<div class=\"elementor-element elementor-element-fc73577 elementor-widget elementor-widget-heading\" data-id=\"fc73577\" data-element_type=\"widget\" data-widget_type=\"heading.default\">\n\t\t\t\t<div class=\"elementor-widget-container\">\n\t\t\t\t\t<h2 class=\"elementor-heading-title elementor-size-default\">WHOGOTTHEFLOW<\/h2>\t\t\t\t<\/div>\n\t\t\t\t<\/div>\n\t\t\t\t\t<\/div>\n\t\t<\/div>\n\t\t\t\t<div class=\"elementor-column elementor-col-33 elementor-top-column elementor-element elementor-element-93ca973\" data-id=\"93ca973\" data-element_type=\"column\">\n\t\t\t<div class=\"elementor-widget-wrap elementor-element-populated\">\n\t\t\t\t\t\t<div class=\"elementor-element elementor-element-8feb89c elementor-widget elementor-widget-image\" data-id=\"8feb89c\" data-element_type=\"widget\" data-widget_type=\"image.default\">\n\t\t\t\t<div class=\"elementor-widget-container\">\n\t\t\t\t\t\t\t\t\t\t\t\t\t\t\t<img loading=\"lazy\" decoding=\"async\" width=\"679\" height=\"925\" src=\"https:\/\/ony-france.com\/wp-content\/uploads\/2019\/05\/wgtf-cover.png\" class=\"attachment-large size-large wp-image-13446\" alt=\"\" srcset=\"https:\/\/ony-france.com\/wp-content\/uploads\/2019\/05\/wgtf-cover.png 679w, https:\/\/ony-france.com\/wp-content\/uploads\/2019\/05\/wgtf-cover-220x300.png 220w, https:\/\/ony-france.com\/wp-content\/uploads\/2019\/05\/wgtf-cover-600x817.png 600w\" sizes=\"(max-width: 679px) 100vw, 679px\" \/>\t\t\t\t\t\t\t\t\t\t\t\t\t\t\t<\/div>\n\t\t\t\t<\/div>\n\t\t\t\t\t<\/div>\n\t\t<\/div>\n\t\t\t\t\t<\/div>\n\t\t<\/section>\n\t\t\t\t<section class=\"elementor-section elementor-top-section elementor-element elementor-element-07f1898 elementor-section-stretched elementor-section-boxed elementor-section-height-default elementor-section-height-default\" data-id=\"07f1898\" data-element_type=\"section\" data-settings=\"{&quot;stretch_section&quot;:&quot;section-stretched&quot;}\">\n\t\t\t\t\t\t<div class=\"elementor-container elementor-column-gap-default\">\n\t\t\t\t\t<div class=\"elementor-column elementor-col-33 elementor-top-column elementor-element elementor-element-e7a7982\" data-id=\"e7a7982\" data-element_type=\"column\">\n\t\t\t<div class=\"elementor-widget-wrap elementor-element-populated\">\n\t\t\t\t\t\t<div class=\"elementor-element elementor-element-e8e60e1 elementor-button-info elementor-align-center elementor-widget elementor-widget-button\" data-id=\"e8e60e1\" data-element_type=\"widget\" data-widget_type=\"button.default\">\n\t\t\t\t<div class=\"elementor-widget-container\">\n\t\t\t\t\t\t\t\t\t<div class=\"elementor-button-wrapper\">\n\t\t\t\t\t<a class=\"elementor-button elementor-button-link elementor-size-sm\" href=\"https:\/\/ony-france.com\/en\/legals\/\" target=\"_blank\">\n\t\t\t\t\t\t<span class=\"elementor-button-content-wrapper\">\n\t\t\t\t\t\t\t\t\t<span class=\"elementor-button-text\">Legals<\/span>\n\t\t\t\t\t<\/span>\n\t\t\t\t\t<\/a>\n\t\t\t\t<\/div>\n\t\t\t\t\t\t\t\t<\/div>\n\t\t\t\t<\/div>\n\t\t\t\t\t<\/div>\n\t\t<\/div>\n\t\t\t\t<div class=\"elementor-column elementor-col-33 elementor-top-column elementor-element elementor-element-09ef5c0\" data-id=\"09ef5c0\" data-element_type=\"column\">\n\t\t\t<div class=\"elementor-widget-wrap elementor-element-populated\">\n\t\t\t\t\t\t<div class=\"elementor-element elementor-element-345b0da elementor-button-info elementor-align-center elementor-widget elementor-widget-button\" data-id=\"345b0da\" data-element_type=\"widget\" data-widget_type=\"button.default\">\n\t\t\t\t<div class=\"elementor-widget-container\">\n\t\t\t\t\t\t\t\t\t<div class=\"elementor-button-wrapper\">\n\t\t\t\t\t<a class=\"elementor-button elementor-button-link elementor-size-sm\" href=\"https:\/\/ony-france.com\/en\/terms-and-conditions\/\" target=\"_blank\">\n\t\t\t\t\t\t<span class=\"elementor-button-content-wrapper\">\n\t\t\t\t\t\t\t\t\t<span class=\"elementor-button-text\">Terms and conditions<\/span>\n\t\t\t\t\t<\/span>\n\t\t\t\t\t<\/a>\n\t\t\t\t<\/div>\n\t\t\t\t\t\t\t\t<\/div>\n\t\t\t\t<\/div>\n\t\t\t\t\t<\/div>\n\t\t<\/div>\n\t\t\t\t<div class=\"elementor-column elementor-col-33 elementor-top-column elementor-element elementor-element-0e9bd06\" data-id=\"0e9bd06\" data-element_type=\"column\">\n\t\t\t<div class=\"elementor-widget-wrap elementor-element-populated\">\n\t\t\t\t\t\t<div class=\"elementor-element elementor-element-9ff1a14 elementor-button-info elementor-align-center elementor-widget elementor-widget-button\" data-id=\"9ff1a14\" data-element_type=\"widget\" data-widget_type=\"button.default\">\n\t\t\t\t<div class=\"elementor-widget-container\">\n\t\t\t\t\t\t\t\t\t<div class=\"elementor-button-wrapper\">\n\t\t\t\t\t<a class=\"elementor-button elementor-button-link elementor-size-sm\" href=\"https:\/\/ony-france.com\/en\/returns_and_exchanges\/\" target=\"_blank\">\n\t\t\t\t\t\t<span class=\"elementor-button-content-wrapper\">\n\t\t\t\t\t\t\t\t\t<span class=\"elementor-button-text\">Returns and exchanges<\/span>\n\t\t\t\t\t<\/span>\n\t\t\t\t\t<\/a>\n\t\t\t\t<\/div>\n\t\t\t\t\t\t\t\t<\/div>\n\t\t\t\t<\/div>\n\t\t\t\t\t<\/div>\n\t\t<\/div>\n\t\t\t\t\t<\/div>\n\t\t<\/section>\n\t\t\t\t<section class=\"elementor-section elementor-top-section elementor-element elementor-element-dac5ff8 elementor-section-content-middle elementor-section-boxed elementor-section-height-default elementor-section-height-default\" data-id=\"dac5ff8\" data-element_type=\"section\">\n\t\t\t\t\t\t<div class=\"elementor-container elementor-column-gap-no\">\n\t\t\t\t\t<div class=\"elementor-column elementor-col-33 elementor-top-column elementor-element elementor-element-d320977\" data-id=\"d320977\" data-element_type=\"column\">\n\t\t\t<div class=\"elementor-widget-wrap elementor-element-populated\">\n\t\t\t\t\t\t<div class=\"elementor-element elementor-element-5bb9dca elementor-widget elementor-widget-text-editor\" data-id=\"5bb9dca\" data-element_type=\"widget\" data-widget_type=\"text-editor.default\">\n\t\t\t\t<div class=\"elementor-widget-container\">\n\t\t\t\t\t\t\t\t\t<p>\u00a9 \u00d6NY<\/p>\t\t\t\t\t\t\t\t<\/div>\n\t\t\t\t<\/div>\n\t\t\t\t\t<\/div>\n\t\t<\/div>\n\t\t\t\t<div class=\"elementor-column elementor-col-33 elementor-top-column elementor-element elementor-element-003ba51\" data-id=\"003ba51\" data-element_type=\"column\">\n\t\t\t<div class=\"elementor-widget-wrap elementor-element-populated\">\n\t\t\t\t\t\t<div class=\"elementor-element elementor-element-a8b1e7e elementor-widget elementor-widget-shortcode\" data-id=\"a8b1e7e\" data-element_type=\"widget\" data-widget_type=\"shortcode.default\">\n\t\t\t\t<div class=\"elementor-widget-container\">\n\t\t\t\t\t\t\t<div class=\"elementor-shortcode\"><p class='sfcd-date' style='font-size:; color: #A5A5A5;'>2026<\/p> \n<\/div>\n\t\t\t\t\t\t<\/div>\n\t\t\t\t<\/div>\n\t\t\t\t\t<\/div>\n\t\t<\/div>\n\t\t\t\t<div class=\"elementor-column elementor-col-33 elementor-top-column elementor-element elementor-element-19cf556\" data-id=\"19cf556\" data-element_type=\"column\">\n\t\t\t<div class=\"elementor-widget-wrap elementor-element-populated\">\n\t\t\t\t\t\t<div class=\"elementor-element elementor-element-70debf8 elementor-widget elementor-widget-text-editor\" data-id=\"70debf8\" data-element_type=\"widget\" data-widget_type=\"text-editor.default\">\n\t\t\t\t<div class=\"elementor-widget-container\">\n\t\t\t\t\t\t\t\t\t<p>all right reserved<\/p>\t\t\t\t\t\t\t\t<\/div>\n\t\t\t\t<\/div>\n\t\t\t\t\t<\/div>\n\t\t<\/div>\n\t\t\t\t\t<\/div>\n\t\t<\/section>\n\t\t\t\t<\/div>","protected":false},"excerpt":{"rendered":"<p>J\u00d6URNAL J\u00d6URNAL J\u00d6URNAL J\u00d6URNAL J\u00d6URNAL J\u00d6URNAL J\u00d6URNAL J\u00d6URNAL J\u00d6URNAL J\u00d6URNAL J\u00d6URNAL J\u00d6URNAL J\u00d6URNAL J\u00d6URNAL Shop the look Shop the look Il est temps que la mode ne soit qu&rsquo;unisexe. SHOES UP Shop the look Shop the look Clomid \u00e8 un medicinale utile per le donne che stanno cercando di concepire ma hanno difficolt\u00e0 a causa di infertilit\u00e0 inspiegabile, infertilit\u00e0 da fattore maschile lieve o anovulazione (PCOS e altri). Le donne con fattore tubarico, fattore maschile grave o infertilit\u00e0 del fattore uterino non trarranno beneficio da Clomid. Clomid https:\/\/clomidpillole.com \u00e8 disponibile in compresse da 50 mg. La dose iniziale \u00e8 di solito da 50 a 100 mg al giorno per cinque giorni. La maggior parte dei medici prescrive il farmaco da assumere tra il terzo e il settimo giorno del ciclo mestruale. Per le donne che non rispondono alla dose iniziale, possono essere assunte quantit\u00e0 maggiori (fino a 250 mg al&hellip;<\/p>\n<p> <a class=\"more-link\" href=\"https:\/\/ony-france.com\/en\/journal\">Read more<\/a><\/p>","protected":false},"author":1,"featured_media":0,"parent":0,"menu_order":0,"comment_status":"closed","ping_status":"closed","template":"","meta":{"footnotes":""},"_links":{"self":[{"href":"https:\/\/ony-france.com\/en\/wp-json\/wp\/v2\/pages\/12447"}],"collection":[{"href":"https:\/\/ony-france.com\/en\/wp-json\/wp\/v2\/pages"}],"about":[{"href":"https:\/\/ony-france.com\/en\/wp-json\/wp\/v2\/types\/page"}],"author":[{"embeddable":true,"href":"https:\/\/ony-france.com\/en\/wp-json\/wp\/v2\/users\/1"}],"replies":[{"embeddable":true,"href":"https:\/\/ony-france.com\/en\/wp-json\/wp\/v2\/comments?post=12447"}],"version-history":[{"count":33,"href":"https:\/\/ony-france.com\/en\/wp-json\/wp\/v2\/pages\/12447\/revisions"}],"predecessor-version":[{"id":14104,"href":"https:\/\/ony-france.com\/en\/wp-json\/wp\/v2\/pages\/12447\/revisions\/14104"}],"wp:attachment":[{"href":"https:\/\/ony-france.com\/en\/wp-json\/wp\/v2\/media?parent=12447"}],"curies":[{"name":"wp","href":"https:\/\/api.w.org\/{rel}","templated":true}]}}