{"id":11926,"date":"2019-04-02T21:18:31","date_gmt":"2019-04-02T19:18:31","guid":{"rendered":"https:\/\/ony-france.com\/?page_id=11926"},"modified":"2019-05-11T14:13:53","modified_gmt":"2019-05-11T12:13:53","slug":"returns_and_exchanges","status":"publish","type":"page","link":"https:\/\/ony-france.com\/en\/returns_and_exchanges","title":{"rendered":"Returns and exchanges"},"content":{"rendered":"<p>RETOURS ET ECHANGES<\/p>\n\n\n\n<p>Aucun \u00e9change ou retour ne sera accept\u00e9 en p\u00e9riode de soldes ni sur les articles issus de l&rsquo;outlet.<br> Nous acceptons les \u00e9changes et retours dans les 7 jours ouvrables \u00e0 compter de la livraison de la commande pour<br> retourner les produits, les articles devant \u00eatre retourn\u00e9s avec un num\u00e9ro de suivi colis et les frais de retours restant \u00e0 la<br> charge de l\u2019acheteur.<br> Tout retour ou \u00e9change devra \u00eatre signal\u00e9 au pr\u00e9alable par e-mail \u00e0 l\u2019adresse: contact@ony-france.com<br> Seuls seront repris les articles retourn\u00e9s dans leurs emballages d\u2019origine et pourvus de leur \u00e9tiquette, ils ne devront pas<br> avoir \u00e9t\u00e9 port\u00e9s ni subi de d\u00e9t\u00e9rioration ni avoir \u00e9t\u00e9 lav\u00e9s et \u00eatre accompagn\u00e9s de la facture d\u2019achat.<br> Apr\u00e8s v\u00e9rification des articles et validation :<br> -dans le cas d&rsquo;un \u00e9change, l&rsquo;article sera renvoy\u00e9 aux frais de la soci\u00e9t\u00e9<br> -dans le cas d&rsquo;un retour, l\u2019acheteur recevra un e-mail afin de lui notifier la validation du montant de son avoir valable<br> pendant 1 an sur l\u2019ensemble de nos articles ou sera rembours\u00e9 via le m\u00eame moyen de paiement que celui utilis\u00e9 lors de la<br> commande.<\/p>","protected":false},"excerpt":{"rendered":"<p>RETOURS ET ECHANGES Aucun \u00e9change ou retour ne sera accept\u00e9 en p\u00e9riode de soldes ni sur les articles issus de l&rsquo;outlet. Nous acceptons les \u00e9changes et retours dans les 7 jours ouvrables \u00e0 compter de la livraison de la commande pour retourner les produits, les articles devant \u00eatre retourn\u00e9s avec un num\u00e9ro de suivi colis et les frais de retours restant \u00e0 la charge de l\u2019acheteur. Tout retour ou \u00e9change devra \u00eatre signal\u00e9 au pr\u00e9alable par e-mail \u00e0 l\u2019adresse: contact@ony-france.com Seuls seront repris les articles retourn\u00e9s dans leurs emballages d\u2019origine et pourvus de leur \u00e9tiquette, ils ne devront pas avoir \u00e9t\u00e9 port\u00e9s ni subi de d\u00e9t\u00e9rioration ni avoir \u00e9t\u00e9 lav\u00e9s et \u00eatre accompagn\u00e9s de la facture d\u2019achat. Apr\u00e8s v\u00e9rification des articles et validation : -dans le cas d&rsquo;un \u00e9change, l&rsquo;article sera renvoy\u00e9 aux frais de la soci\u00e9t\u00e9 -dans le cas d&rsquo;un retour, l\u2019acheteur recevra un e-mail afin de lui notifier&hellip;<\/p>\n<p> <a class=\"more-link\" href=\"https:\/\/ony-france.com\/en\/returns_and_exchanges\">Read more<\/a><\/p>","protected":false},"author":1,"featured_media":0,"parent":0,"menu_order":0,"comment_status":"closed","ping_status":"closed","template":"","meta":{"footnotes":""},"_links":{"self":[{"href":"https:\/\/ony-france.com\/en\/wp-json\/wp\/v2\/pages\/11926"}],"collection":[{"href":"https:\/\/ony-france.com\/en\/wp-json\/wp\/v2\/pages"}],"about":[{"href":"https:\/\/ony-france.com\/en\/wp-json\/wp\/v2\/types\/page"}],"author":[{"embeddable":true,"href":"https:\/\/ony-france.com\/en\/wp-json\/wp\/v2\/users\/1"}],"replies":[{"embeddable":true,"href":"https:\/\/ony-france.com\/en\/wp-json\/wp\/v2\/comments?post=11926"}],"version-history":[{"count":2,"href":"https:\/\/ony-france.com\/en\/wp-json\/wp\/v2\/pages\/11926\/revisions"}],"predecessor-version":[{"id":13407,"href":"https:\/\/ony-france.com\/en\/wp-json\/wp\/v2\/pages\/11926\/revisions\/13407"}],"wp:attachment":[{"href":"https:\/\/ony-france.com\/en\/wp-json\/wp\/v2\/media?parent=11926"}],"curies":[{"name":"wp","href":"https:\/\/api.w.org\/{rel}","templated":true}]}}