{"id":11920,"date":"2019-04-02T21:14:41","date_gmt":"2019-04-02T19:14:41","guid":{"rendered":"https:\/\/ony-france.com\/?page_id=11920"},"modified":"2019-05-11T14:00:27","modified_gmt":"2019-05-11T12:00:27","slug":"legals","status":"publish","type":"page","link":"https:\/\/ony-france.com\/en\/legals","title":{"rendered":"Legals"},"content":{"rendered":"<p>MENTIONS L\u00c9GALES<br>\nD\u00e9nomination sociale : AJFDC<br>\nForme juridique : sarl<br>\nSi\u00e8ge social : Coutance 35650 Le Rheu<br>\nSIRET : 841 357 783 00015<br>\nAdresse mail : contact@ony-france.com<br>\nH\u00e9bergement : GANDI<br>\nL\u2019\u00e9diteur s\u2019engage \u00e0 respecter l\u2019ensemble des lois concernant la mise en place et l\u2019activit\u00e9 d\u2019un site Internet.<br>\nINFORMATIONS TECHNIQUES<br>\nIl est rappel\u00e9 que le secret des correspondances n\u2019est pas garanti sur le r\u00e9seau Internet et qu\u2019il appartient \u00e0 chaque<br>\nutilisateur d\u2019Internet de prendre toutes les mesures appropri\u00e9es de fa\u00e7on \u00e0 prot\u00e9ger ses propres donn\u00e9es et\/ou logiciels de<br>\nla contamination d\u2019\u00e9ventuels virus circulant sur Internet.<br>\nLIENS HYPERTEXTES<br>\nLa cr\u00e9ation de liens hypertextes vers le site ony-france.com est soumise \u00e0 l\u2019accord pr\u00e9alable du directeur de la<br>\npublication. Les liens hypertextes \u00e9tablis en direction d\u2019autres sites \u00e0 partir du site ony-france.com ne sauraient, en aucun<br>\ncas, engager la responsabilit\u00e9 du directeur de la publication.<br>\nDROITS D&rsquo;AUTEUR<br>\nLa reproduction ou repr\u00e9sentation, int\u00e9grale ou partielle, des pages, des donn\u00e9es et de tout autre \u00e9l\u00e9ment constitutif du<br>\nsite ony-france.com, par quelque proc\u00e9d\u00e9 ou support que ce soit, est interdite et constitue sans autorisation de l\u2019\u00e9diteur<br>\nune contrefa\u00e7on.<br>\nDONN\u00c9ES PERSONNELLES<\/p>\n\n\n\n<p>Toutes les informations de votre compte ne sont utilis\u00e9es que dans le cadre de votre relation commerciale avec ony-<br>\nfrance.com<\/p>\n\n\n\n<p>Ces informations ne sont jamais partag\u00e9es avec des tiers ou revendues. Par ailleurs, vos informations bancaires ne sont<br>\njamais en notre possession. Les transactions sont enti\u00e8rement trait\u00e9es par notre plateforme de paiement s\u00e9curis\u00e9 en ligne.<br>\n(Vous pouvez acc\u00e9der aux informations vous concernant et proc\u00e9der \u00e9ventuellement aux rectifications n\u00e9cessaires<br>\ndirectement sur le site en vous rendant sur votre compte.)<br>\nCREDITS<br>\nWebdesigner \/ D\u00e9veloppeur : Cynthia Rajaonarison<\/p>","protected":false},"excerpt":{"rendered":"<p>MENTIONS L\u00c9GALES D\u00e9nomination sociale : AJFDC Forme juridique : sarl Si\u00e8ge social : Coutance 35650 Le Rheu SIRET : 841 357 783 00015 Adresse mail : contact@ony-france.com H\u00e9bergement : GANDI L\u2019\u00e9diteur s\u2019engage \u00e0 respecter l\u2019ensemble des lois concernant la mise en place et l\u2019activit\u00e9 d\u2019un site Internet. INFORMATIONS TECHNIQUES Il est rappel\u00e9 que le secret des correspondances n\u2019est pas garanti sur le r\u00e9seau Internet et qu\u2019il appartient \u00e0 chaque utilisateur d\u2019Internet de prendre toutes les mesures appropri\u00e9es de fa\u00e7on \u00e0 prot\u00e9ger ses propres donn\u00e9es et\/ou logiciels de la contamination d\u2019\u00e9ventuels virus circulant sur Internet. LIENS HYPERTEXTES La cr\u00e9ation de liens hypertextes vers le site ony-france.com est soumise \u00e0 l\u2019accord pr\u00e9alable du directeur de la publication. Les liens hypertextes \u00e9tablis en direction d\u2019autres sites \u00e0 partir du site ony-france.com ne sauraient, en aucun cas, engager la responsabilit\u00e9 du directeur de la publication. DROITS D&rsquo;AUTEUR La reproduction ou repr\u00e9sentation, int\u00e9grale ou partielle,&hellip;<\/p>\n<p> <a class=\"more-link\" href=\"https:\/\/ony-france.com\/en\/legals\">Read more<\/a><\/p>","protected":false},"author":1,"featured_media":0,"parent":0,"menu_order":0,"comment_status":"closed","ping_status":"closed","template":"","meta":{"footnotes":""},"_links":{"self":[{"href":"https:\/\/ony-france.com\/en\/wp-json\/wp\/v2\/pages\/11920"}],"collection":[{"href":"https:\/\/ony-france.com\/en\/wp-json\/wp\/v2\/pages"}],"about":[{"href":"https:\/\/ony-france.com\/en\/wp-json\/wp\/v2\/types\/page"}],"author":[{"embeddable":true,"href":"https:\/\/ony-france.com\/en\/wp-json\/wp\/v2\/users\/1"}],"replies":[{"embeddable":true,"href":"https:\/\/ony-france.com\/en\/wp-json\/wp\/v2\/comments?post=11920"}],"version-history":[{"count":1,"href":"https:\/\/ony-france.com\/en\/wp-json\/wp\/v2\/pages\/11920\/revisions"}],"predecessor-version":[{"id":11921,"href":"https:\/\/ony-france.com\/en\/wp-json\/wp\/v2\/pages\/11920\/revisions\/11921"}],"wp:attachment":[{"href":"https:\/\/ony-france.com\/en\/wp-json\/wp\/v2\/media?parent=11920"}],"curies":[{"name":"wp","href":"https:\/\/api.w.org\/{rel}","templated":true}]}}